{"id":10874,"date":"2025-06-25T16:46:54","date_gmt":"2025-06-25T14:46:54","guid":{"rendered":"https:\/\/optimaretail.eu\/avis-de-confidentialite\/"},"modified":"2026-03-10T11:41:56","modified_gmt":"2026-03-10T10:41:56","slug":"avis-de-confidentialite","status":"publish","type":"page","link":"https:\/\/optimaretail.eu\/fr\/avis-de-confidentialite\/","title":{"rendered":"Avis de confidentialit\u00e9"},"content":{"rendered":"\t\t<div data-elementor-type=\"wp-page\" data-elementor-id=\"10874\" class=\"elementor elementor-10874 elementor-10863\" data-elementor-post-type=\"page\">\n\t\t\t\t<div class=\"elementor-element elementor-element-1f23610c e-flex e-con-boxed e-con e-parent\" data-id=\"1f23610c\" data-element_type=\"container\">\n\t\t\t\t\t<div class=\"e-con-inner\">\n\t\t\t\t<div class=\"elementor-element elementor-element-77c3f156 elementor-widget elementor-widget-text-editor\" data-id=\"77c3f156\" data-element_type=\"widget\" data-widget_type=\"text-editor.default\">\n\t\t\t\t\t\t\t\t\t<p>Derni\u00e8re mise \u00e0 jour : 25\/06\/2025<\/p><p><strong>Chez OPTIMARETAIL S.L.<\/strong> (ci-apr\u00e8s <strong>\u00ab OPTIMARETAIL \u00bb),<\/strong> dont le si\u00e8ge social est situ\u00e9 Carrer de la Volta dels Garrofers, 54, 08340 Vilassar de Mar, Barcelone, et propri\u00e9taire du <strong><a href=\"https:\/\/www.optimaretail.eu\/\" target=\"_blank\" rel=\"noreferrer noopener\">site web www.optimaretail.eu<\/a><\/strong>, nous nous engageons \u00e0 prot\u00e9ger la vie priv\u00e9e et les donn\u00e9es personnelles de nos utilisateurs, clients et visiteurs, conform\u00e9ment \u00e0 la l\u00e9gislation applicable, en particulier le <strong>R\u00e8glement g\u00e9n\u00e9ral sur la protection des donn\u00e9es (RGPD) de l\u2019UE<\/strong> et le <strong>Loi organique 3\/2018 sur la protection des donn\u00e9es personnelles et la garantie des droits num\u00e9riques (LOPDGDD).<\/strong><\/p><h2 class=\"wp-block-heading\"><strong>1. Responsable du traitement des donn\u00e9es<\/strong><\/h2><p>Le responsable du traitement des donn\u00e9es personnelles collect\u00e9es par le biais de ce site web est :<\/p><ul class=\"wp-block-list\"><li><strong>Nom\/Nom de l\u2019entreprise :<\/strong> OPTIMARETAIL S.L.<\/li><li><strong>Bureau social :<\/strong> Carrer de la Volta dels Garrofers, 54, 08340 Vilassar de Mar, Barcelone<\/li><li><strong>CIF\/NIF :<\/strong> B66409087<\/li><li><strong>Courriel de contact :<\/strong> info@optimaretail.es<\/li><li><strong>Num\u00e9ro de t\u00e9l\u00e9phone de contact :<\/strong> <a href=\"tel:0034910303144\">(+34) 910 30 31 44<\/a><\/li><\/ul><h2 class=\"wp-block-heading\"><strong>2. Finalit\u00e9 du traitement des donn\u00e9es<\/strong><\/h2><p>Les donn\u00e9es personnelles fournies via des formulaires, inscriptions, e-mails ou tout autre moyen dans <strong><a href=\"https:\/\/www.optimaretail.eu\/\" target=\"_blank\" rel=\"noreferrer noopener\">www.optimaretail.eu<\/a><\/strong> seront trait\u00e9es aux fins suivantes :<\/p><ul class=\"wp-block-list\"><li>G\u00e9rer les requ\u00eates, les demandes ou les plaintes.<\/li><li>Fournir des services contractuels.<\/li><li>Envoi de communications commerciales (si l\u2019utilisateur a donn\u00e9 son consentement).<\/li><li>Respecter les obligations l\u00e9gales.<\/li><li>Am\u00e9liorez l\u2019exp\u00e9rience utilisateur et analysez le trafic web.<\/li><\/ul><h2 class=\"wp-block-heading\"><strong>3. L\u00e9gitimit\u00e9 du traitement<\/strong><\/h2><p>La base juridique du traitement des donn\u00e9es peut \u00eatre :<\/p><ul class=\"wp-block-list\"><li><strong>Consentement de la partie int\u00e9ress\u00e9e<\/strong> (pour l\u2019envoi de bulletins d\u2019information ou de communications commerciales).<\/li><li><strong>Ex\u00e9cution d\u2019un contrat<\/strong> (pour la prestation de services).<\/li><li><strong>Respect des obligations l\u00e9gales.<\/strong><\/li><li><strong>Int\u00e9r\u00eat l\u00e9gitime du contr\u00f4leur<\/strong> (pour la s\u00e9curit\u00e9 et l\u2019am\u00e9lioration du site web).<\/li><\/ul><h2 class=\"wp-block-heading\"><strong>4. Destinataires des donn\u00e9es<\/strong><\/h2><p>Les donn\u00e9es ne seront pas c\u00e9d\u00e9es \u00e0 des tiers, \u00e0 l\u2019exception de :<\/p><ul class=\"wp-block-list\"><li>Prestataires de services n\u00e9cessaires au fonctionnement du site (h\u00e9bergement, email marketing, etc.), qui agiront en tant que <strong>traiteurs de donn\u00e9es<\/strong> sous contrat.<\/li><li>Obligations l\u00e9gales (autorit\u00e9s comp\u00e9tentes).<\/li><\/ul><p>Aucun transfert international de donn\u00e9es n\u2019est effectu\u00e9 en dehors de l\u2019UE, \u00e0 l\u2019exception de mesures de protection appropri\u00e9es.<\/p><h2 class=\"wp-block-heading\"><strong>5. Droits des utilisateurs<\/strong><\/h2><p>Les utilisateurs peuvent exercer leurs droits aupr\u00e8s d\u2019OPTIMARETAIL :<\/p><ul class=\"wp-block-list\"><li><strong>Acc\u00e8s, rectification ou suppression<\/strong> de vos donn\u00e9es.<\/li><li><strong>Limitation ou opposition<\/strong> au traitement.<\/li><li>La <strong>portabilit\u00e9 des donn\u00e9es<\/strong>.<\/li><li><strong>R\u00e9voquez votre consentement<\/strong> \u00e0 tout moment.<\/li><\/ul><p>Pour exercer ces droits, l\u2019int\u00e9ress\u00e9 doit adresser une demande \u00e9crite ou [email de protecci\u00f3n de datos] par voie postale \u00e0 l\u2019adresse indiqu\u00e9e, accompagn\u00e9e d\u2019une copie de la carte d\u2019identit\u00e9 ou du document d\u2019identification.<\/p><p>Si vous n\u2019\u00eates pas satisfait du traitement de vos donn\u00e9es, vous pouvez d\u00e9poser une plainte aupr\u00e8s de <strong>l\u2019Agence espagnole de protection des donn\u00e9es (AEPD).<\/strong><\/p><h2 class=\"wp-block-heading\"><strong>6. Conservation des donn\u00e9es<\/strong><\/h2><p>Les donn\u00e9es personnelles seront conserv\u00e9es aussi longtemps qu\u2019elles seront n\u00e9cessaires aux fins indiqu\u00e9es et, en tout \u00e9tat de cause, pendant les d\u00e9lais l\u00e9gaux applicables.<\/p><h2 class=\"wp-block-heading\"><strong>7. S\u00e9curit\u00e9 des donn\u00e9es<\/strong><\/h2><p>OPTIMARETAIL met en \u0153uvre des mesures techniques et organisationnelles pour garantir la s\u00e9curit\u00e9 des donn\u00e9es personnelles et emp\u00eacher leur alt\u00e9ration, leur perte ou leur acc\u00e8s non autoris\u00e9.<\/p><h2 class=\"wp-block-heading\"><strong>8. Modifications de l\u2019avis<\/strong><\/h2><p>Le pr\u00e9sent avis de confidentialit\u00e9 peut \u00eatre mis \u00e0 jour pour s\u2019adapter aux changements r\u00e9glementaires ou op\u00e9rationnels. Il est recommand\u00e9 de le v\u00e9rifier p\u00e9riodiquement.<\/p>\t\t\t\t\t\t\t\t<\/div>\n\t\t\t\t\t<\/div>\n\t\t\t\t<\/div>\n\t\t\t\t<\/div>\n\t\t","protected":false},"excerpt":{"rendered":"<p>Derni\u00e8re mise \u00e0 jour : 25\/06\/2025 Chez OPTIMARETAIL S.L. (ci-apr\u00e8s \u00ab OPTIMARETAIL \u00bb), dont le si\u00e8ge social est situ\u00e9 Carrer de la Volta dels Garrofers, 54, 08340 Vilassar de Mar, Barcelone, et propri\u00e9taire du site web www.optimaretail.eu, nous nous engageons \u00e0 prot\u00e9ger la vie priv\u00e9e et les donn\u00e9es personnelles de nos utilisateurs, clients et visiteurs, [&hellip;]<\/p>\n","protected":false},"author":5,"featured_media":0,"parent":0,"menu_order":0,"comment_status":"closed","ping_status":"closed","template":"","meta":{"_acf_changed":false,"rop_custom_images_group":[],"rop_custom_messages_group":[],"rop_publish_now":"initial","rop_publish_now_accounts":{"facebook_122097394580933375_751730124684203":""},"rop_publish_now_history":[],"rop_publish_now_status":"pending","footnotes":""},"class_list":["post-10874","page","type-page","status-publish","hentry"],"acf":[],"yoast_head":"<!-- This site is optimized with the Yoast SEO plugin v27.3 - https:\/\/yoast.com\/product\/yoast-seo-wordpress\/ -->\n<title>Avis de confidentialit\u00e9 | Optima Retail<\/title>\n<meta name=\"robots\" content=\"noindex, follow\" \/>\n<meta property=\"og:locale\" content=\"fr_FR\" \/>\n<meta property=\"og:type\" content=\"article\" \/>\n<meta property=\"og:title\" content=\"Avis de confidentialit\u00e9 | Optima Retail\" \/>\n<meta property=\"og:description\" content=\"Derni\u00e8re mise \u00e0 jour : 25\/06\/2025 Chez OPTIMARETAIL S.L. (ci-apr\u00e8s \u00ab OPTIMARETAIL \u00bb), dont le si\u00e8ge social est situ\u00e9 Carrer de la Volta dels Garrofers, 54, 08340 Vilassar de Mar, Barcelone, et propri\u00e9taire du site web www.optimaretail.eu, nous nous engageons \u00e0 prot\u00e9ger la vie priv\u00e9e et les donn\u00e9es personnelles de nos utilisateurs, clients et visiteurs, [&hellip;]\" \/>\n<meta property=\"og:url\" content=\"https:\/\/optimaretail.eu\/fr\/avis-de-confidentialite\/\" \/>\n<meta property=\"og:site_name\" content=\"Optima Retail\" \/>\n<meta property=\"article:publisher\" content=\"https:\/\/www.facebook.com\/people\/Optima-Retail-SL\/61578005819425\/\" \/>\n<meta property=\"article:modified_time\" content=\"2026-03-10T10:41:56+00:00\" \/>\n<meta name=\"twitter:card\" content=\"summary_large_image\" \/>\n<meta name=\"twitter:label1\" content=\"Est. reading time\" \/>\n\t<meta name=\"twitter:data1\" content=\"3 minutes\" \/>\n<script type=\"application\/ld+json\" class=\"yoast-schema-graph\">{\"@context\":\"https:\\\/\\\/schema.org\",\"@graph\":[{\"@type\":\"WebPage\",\"@id\":\"https:\\\/\\\/optimaretail.eu\\\/fr\\\/avis-de-confidentialite\\\/\",\"url\":\"https:\\\/\\\/optimaretail.eu\\\/fr\\\/avis-de-confidentialite\\\/\",\"name\":\"Avis de confidentialit\u00e9 | Optima Retail\",\"isPartOf\":{\"@id\":\"https:\\\/\\\/optimaretail.eu\\\/fr\\\/#website\"},\"datePublished\":\"2025-06-25T14:46:54+00:00\",\"dateModified\":\"2026-03-10T10:41:56+00:00\",\"breadcrumb\":{\"@id\":\"https:\\\/\\\/optimaretail.eu\\\/fr\\\/avis-de-confidentialite\\\/#breadcrumb\"},\"inLanguage\":\"fr-FR\",\"potentialAction\":[{\"@type\":\"ReadAction\",\"target\":[\"https:\\\/\\\/optimaretail.eu\\\/fr\\\/avis-de-confidentialite\\\/\"]}]},{\"@type\":\"BreadcrumbList\",\"@id\":\"https:\\\/\\\/optimaretail.eu\\\/fr\\\/avis-de-confidentialite\\\/#breadcrumb\",\"itemListElement\":[{\"@type\":\"ListItem\",\"position\":1,\"name\":\"Optima Retail\",\"item\":\"https:\\\/\\\/optimaretail.eu\\\/fr\\\/\"},{\"@type\":\"ListItem\",\"position\":2,\"name\":\"Avis de confidentialit\u00e9\"}]},{\"@type\":\"WebSite\",\"@id\":\"https:\\\/\\\/optimaretail.eu\\\/fr\\\/#website\",\"url\":\"https:\\\/\\\/optimaretail.eu\\\/fr\\\/\",\"name\":\"Optima Retail\",\"description\":\"Maintenance de d\u00e9tail\",\"publisher\":{\"@id\":\"https:\\\/\\\/optimaretail.eu\\\/fr\\\/#organization\"},\"potentialAction\":[{\"@type\":\"SearchAction\",\"target\":{\"@type\":\"EntryPoint\",\"urlTemplate\":\"https:\\\/\\\/optimaretail.eu\\\/fr\\\/?s={search_term_string}\"},\"query-input\":{\"@type\":\"PropertyValueSpecification\",\"valueRequired\":true,\"valueName\":\"search_term_string\"}}],\"inLanguage\":\"fr-FR\"},{\"@type\":\"Organization\",\"@id\":\"https:\\\/\\\/optimaretail.eu\\\/fr\\\/#organization\",\"name\":\"Optima Retail\",\"url\":\"https:\\\/\\\/optimaretail.eu\\\/fr\\\/\",\"logo\":{\"@type\":\"ImageObject\",\"inLanguage\":\"fr-FR\",\"@id\":\"https:\\\/\\\/optimaretail.eu\\\/fr\\\/#\\\/schema\\\/logo\\\/image\\\/\",\"url\":\"https:\\\/\\\/optimaretail.eu\\\/wp-content\\\/uploads\\\/2025\\\/02\\\/kit-por-defecto.svg\",\"contentUrl\":\"https:\\\/\\\/optimaretail.eu\\\/wp-content\\\/uploads\\\/2025\\\/02\\\/kit-por-defecto.svg\",\"width\":499,\"height\":93,\"caption\":\"Optima Retail\"},\"image\":{\"@id\":\"https:\\\/\\\/optimaretail.eu\\\/fr\\\/#\\\/schema\\\/logo\\\/image\\\/\"},\"sameAs\":[\"https:\\\/\\\/www.facebook.com\\\/people\\\/Optima-Retail-SL\\\/61578005819425\\\/\"]}]}<\/script>\n<!-- \/ Yoast SEO plugin. -->","yoast_head_json":{"title":"Avis de confidentialit\u00e9 | Optima Retail","robots":{"index":"noindex","follow":"follow"},"og_locale":"fr_FR","og_type":"article","og_title":"Avis de confidentialit\u00e9 | Optima Retail","og_description":"Derni\u00e8re mise \u00e0 jour : 25\/06\/2025 Chez OPTIMARETAIL S.L. (ci-apr\u00e8s \u00ab OPTIMARETAIL \u00bb), dont le si\u00e8ge social est situ\u00e9 Carrer de la Volta dels Garrofers, 54, 08340 Vilassar de Mar, Barcelone, et propri\u00e9taire du site web www.optimaretail.eu, nous nous engageons \u00e0 prot\u00e9ger la vie priv\u00e9e et les donn\u00e9es personnelles de nos utilisateurs, clients et visiteurs, [&hellip;]","og_url":"https:\/\/optimaretail.eu\/fr\/avis-de-confidentialite\/","og_site_name":"Optima Retail","article_publisher":"https:\/\/www.facebook.com\/people\/Optima-Retail-SL\/61578005819425\/","article_modified_time":"2026-03-10T10:41:56+00:00","twitter_card":"summary_large_image","twitter_misc":{"Est. reading time":"3 minutes"},"schema":{"@context":"https:\/\/schema.org","@graph":[{"@type":"WebPage","@id":"https:\/\/optimaretail.eu\/fr\/avis-de-confidentialite\/","url":"https:\/\/optimaretail.eu\/fr\/avis-de-confidentialite\/","name":"Avis de confidentialit\u00e9 | Optima Retail","isPartOf":{"@id":"https:\/\/optimaretail.eu\/fr\/#website"},"datePublished":"2025-06-25T14:46:54+00:00","dateModified":"2026-03-10T10:41:56+00:00","breadcrumb":{"@id":"https:\/\/optimaretail.eu\/fr\/avis-de-confidentialite\/#breadcrumb"},"inLanguage":"fr-FR","potentialAction":[{"@type":"ReadAction","target":["https:\/\/optimaretail.eu\/fr\/avis-de-confidentialite\/"]}]},{"@type":"BreadcrumbList","@id":"https:\/\/optimaretail.eu\/fr\/avis-de-confidentialite\/#breadcrumb","itemListElement":[{"@type":"ListItem","position":1,"name":"Optima Retail","item":"https:\/\/optimaretail.eu\/fr\/"},{"@type":"ListItem","position":2,"name":"Avis de confidentialit\u00e9"}]},{"@type":"WebSite","@id":"https:\/\/optimaretail.eu\/fr\/#website","url":"https:\/\/optimaretail.eu\/fr\/","name":"Optima Retail","description":"Maintenance de d\u00e9tail","publisher":{"@id":"https:\/\/optimaretail.eu\/fr\/#organization"},"potentialAction":[{"@type":"SearchAction","target":{"@type":"EntryPoint","urlTemplate":"https:\/\/optimaretail.eu\/fr\/?s={search_term_string}"},"query-input":{"@type":"PropertyValueSpecification","valueRequired":true,"valueName":"search_term_string"}}],"inLanguage":"fr-FR"},{"@type":"Organization","@id":"https:\/\/optimaretail.eu\/fr\/#organization","name":"Optima Retail","url":"https:\/\/optimaretail.eu\/fr\/","logo":{"@type":"ImageObject","inLanguage":"fr-FR","@id":"https:\/\/optimaretail.eu\/fr\/#\/schema\/logo\/image\/","url":"https:\/\/optimaretail.eu\/wp-content\/uploads\/2025\/02\/kit-por-defecto.svg","contentUrl":"https:\/\/optimaretail.eu\/wp-content\/uploads\/2025\/02\/kit-por-defecto.svg","width":499,"height":93,"caption":"Optima Retail"},"image":{"@id":"https:\/\/optimaretail.eu\/fr\/#\/schema\/logo\/image\/"},"sameAs":["https:\/\/www.facebook.com\/people\/Optima-Retail-SL\/61578005819425\/"]}]}},"_links":{"self":[{"href":"https:\/\/optimaretail.eu\/fr\/wp-json\/wp\/v2\/pages\/10874","targetHints":{"allow":["GET"]}}],"collection":[{"href":"https:\/\/optimaretail.eu\/fr\/wp-json\/wp\/v2\/pages"}],"about":[{"href":"https:\/\/optimaretail.eu\/fr\/wp-json\/wp\/v2\/types\/page"}],"author":[{"embeddable":true,"href":"https:\/\/optimaretail.eu\/fr\/wp-json\/wp\/v2\/users\/5"}],"replies":[{"embeddable":true,"href":"https:\/\/optimaretail.eu\/fr\/wp-json\/wp\/v2\/comments?post=10874"}],"version-history":[{"count":5,"href":"https:\/\/optimaretail.eu\/fr\/wp-json\/wp\/v2\/pages\/10874\/revisions"}],"predecessor-version":[{"id":11547,"href":"https:\/\/optimaretail.eu\/fr\/wp-json\/wp\/v2\/pages\/10874\/revisions\/11547"}],"wp:attachment":[{"href":"https:\/\/optimaretail.eu\/fr\/wp-json\/wp\/v2\/media?parent=10874"}],"curies":[{"name":"wp","href":"https:\/\/api.w.org\/{rel}","templated":true}]}}