{"id":7285,"date":"2025-03-06T15:54:02","date_gmt":"2025-03-06T14:54:02","guid":{"rendered":"https:\/\/optima.yvonnefuertes.com\/signaler-un-incident\/"},"modified":"2025-03-31T17:24:13","modified_gmt":"2025-03-31T15:24:13","slug":"signaler-un-incident","status":"publish","type":"page","link":"https:\/\/optimaretail.eu\/fr\/signaler-un-incident\/","title":{"rendered":"Signaler un incident"},"content":{"rendered":"\t\t<div data-elementor-type=\"wp-page\" data-elementor-id=\"7285\" class=\"elementor elementor-7285 elementor-4216\" data-elementor-post-type=\"page\">\n\t\t\t\t<div class=\"elementor-element elementor-element-fa81c3d e-flex e-con-boxed e-con e-child\" data-id=\"fa81c3d\" data-element_type=\"container\">\n\t\t\t\t\t<div class=\"e-con-inner\">\n\t\t<div class=\"elementor-element elementor-element-6321a93 e-con-full e-flex e-con e-child\" data-id=\"6321a93\" data-element_type=\"container\">\n\t\t\t\t<div class=\"elementor-element elementor-element-07a3553 elementor-invisible elementor-widget elementor-widget-heading\" data-id=\"07a3553\" data-element_type=\"widget\" data-settings=\"{&quot;_animation&quot;:&quot;fadeInDown&quot;}\" data-widget_type=\"heading.default\">\n\t\t\t\t\t<div class=\"elementor-heading-title elementor-size-default\">Incidents<\/div>\t\t\t\t<\/div>\n\t\t\t\t<div class=\"elementor-element elementor-element-95feabe elementor-widget__width-initial elementor-widget elementor-widget-heading\" data-id=\"95feabe\" data-element_type=\"widget\" data-widget_type=\"heading.default\">\n\t\t\t\t\t<h1 class=\"elementor-heading-title elementor-size-default\">Signaler un incident<\/h1>\t\t\t\t<\/div>\n\t\t\t\t<div class=\"elementor-element elementor-element-ab8b46a elementor-widget elementor-widget-text-editor\" data-id=\"ab8b46a\" data-element_type=\"widget\" data-widget_type=\"text-editor.default\">\n\t\t\t\t\t\t\t\t\t<p>\u200bPour signaler un incident veuillez remplir le formulaire ci-dessous.<\/p><p>Rappelez-vous que vous avez \u00e9galement notre<br><strong>t\u00e9l\u00e9phone d\u2019urgence disponible: <a href=\"tel:0034910303144\" target=\"_blank\" rel=\"noopener\">+34 910 303 144<\/a><\/strong><\/p>\t\t\t\t\t\t\t\t<\/div>\n\t\t<div class=\"elementor-element elementor-element-1059d8b e-flex e-con-boxed e-con e-child\" data-id=\"1059d8b\" data-element_type=\"container\">\n\t\t\t\t\t<div class=\"e-con-inner\">\n\t\t\t\t<div class=\"elementor-element elementor-element-255d172 elementor-button-align-start elementor-widget elementor-widget-form\" data-id=\"255d172\" data-element_type=\"widget\" data-settings=\"{&quot;step_next_label&quot;:&quot;Next&quot;,&quot;step_previous_label&quot;:&quot;Previous&quot;,&quot;button_width&quot;:&quot;100&quot;,&quot;step_type&quot;:&quot;number_text&quot;,&quot;step_icon_shape&quot;:&quot;circle&quot;}\" data-widget_type=\"form.default\">\n\t\t\t\t\t\t\t<form class=\"elementor-form\" method=\"post\" id=\"incidencia\" name=\"Incident\" aria-label=\"Incident\" novalidate=\"\">\n\t\t\t<input type=\"hidden\" name=\"post_id\" value=\"7285\"\/>\n\t\t\t<input type=\"hidden\" name=\"form_id\" value=\"255d172\"\/>\n\t\t\t<input type=\"hidden\" name=\"referer_title\" value=\"Signaler un incident | Optima Retail\" \/>\n\n\t\t\t\t\t\t\t<input type=\"hidden\" name=\"queried_id\" value=\"7285\"\/>\n\t\t\t\n\t\t\t<div class=\"elementor-form-fields-wrapper elementor-labels-above\">\n\t\t\t\t\t\t\t\t<div class=\"elementor-field-type-text elementor-field-group elementor-column elementor-field-group-empresa elementor-col-100 elementor-field-required elementor-mark-required\">\n\t\t\t\t\t\t\t\t\t\t\t\t<label for=\"form-field-empresa\" class=\"elementor-field-label\">\n\t\t\t\t\t\t\t\tEntreprise \/ Marque\t\t\t\t\t\t\t<\/label>\n\t\t\t\t\t\t\t\t\t\t\t\t\t\t<input size=\"1\" type=\"text\" name=\"form_fields[empresa]\" id=\"form-field-empresa\" class=\"elementor-field elementor-size-sm  elementor-field-textual\" placeholder=\"Entreprise \/ Marque\" required=\"required\">\n\t\t\t\t\t\t\t\t\t\t\t<\/div>\n\t\t\t\t\t\t\t\t<div class=\"elementor-field-type-text elementor-field-group elementor-column elementor-field-group-direccion elementor-col-100 elementor-field-required elementor-mark-required\">\n\t\t\t\t\t\t\t\t\t\t\t\t<label for=\"form-field-direccion\" class=\"elementor-field-label\">\n\t\t\t\t\t\t\t\tAdresse\t\t\t\t\t\t\t<\/label>\n\t\t\t\t\t\t\t\t\t\t\t\t\t\t<input size=\"1\" type=\"text\" name=\"form_fields[direccion]\" id=\"form-field-direccion\" class=\"elementor-field elementor-size-sm  elementor-field-textual\" placeholder=\"Adresse compl\u00e8te\" required=\"required\">\n\t\t\t\t\t\t\t\t\t\t\t<\/div>\n\t\t\t\t\t\t\t\t<div class=\"elementor-field-type-textarea elementor-field-group elementor-column elementor-field-group-message elementor-col-100\">\n\t\t\t\t\t\t\t\t\t\t\t\t<label for=\"form-field-message\" class=\"elementor-field-label\">\n\t\t\t\t\t\t\t\tIncident\t\t\t\t\t\t\t<\/label>\n\t\t\t\t\t\t<textarea class=\"elementor-field-textual elementor-field  elementor-size-sm\" name=\"form_fields[message]\" id=\"form-field-message\" rows=\"5\" placeholder=\"S&#039;il vous pla\u00eet, d\u00e9crire l\u2019incident aussi d\u00e9taill\u00e9e que possible. Merci.\"><\/textarea>\t\t\t\t<\/div>\n\t\t\t\t\t\t\t\t<div class=\"elementor-field-type-select elementor-field-group elementor-column elementor-field-group-prioridad elementor-col-100 elementor-field-required elementor-mark-required\">\n\t\t\t\t\t\t\t\t\t\t\t\t<label for=\"form-field-prioridad\" class=\"elementor-field-label\">\n\t\t\t\t\t\t\t\tPriorit\u00e9 de l'incidence\t\t\t\t\t\t\t<\/label>\n\t\t\t\t\t\t\t\t<div class=\"elementor-field elementor-select-wrapper remove-before \">\n\t\t\t<div class=\"select-caret-down-wrapper\">\n\t\t\t\t<svg aria-hidden=\"true\" class=\"e-font-icon-svg e-eicon-caret-down\" viewBox=\"0 0 571.4 571.4\" xmlns=\"http:\/\/www.w3.org\/2000\/svg\"><path d=\"M571 393Q571 407 561 418L311 668Q300 679 286 679T261 668L11 418Q0 407 0 393T11 368 36 357H536Q550 357 561 368T571 393Z\"><\/path><\/svg>\t\t\t<\/div>\n\t\t\t<select name=\"form_fields[prioridad]\" id=\"form-field-prioridad\" class=\"elementor-field-textual elementor-size-sm\" required=\"required\">\n\t\t\t\t\t\t\t\t\t<option value=\"\ud83d\udfe2 CODE VERT - Faible impact\">\ud83d\udfe2 CODE VERT - Faible impact<\/option>\n\t\t\t\t\t\t\t\t\t<option value=\"\ud83d\udfe1 CODE JAUNE - Moyen impact\">\ud83d\udfe1 CODE JAUNE - Moyen impact<\/option>\n\t\t\t\t\t\t\t\t\t<option value=\"\ud83d\udd34 CODE ROUGE - Urgence\">\ud83d\udd34 CODE ROUGE - Urgence<\/option>\n\t\t\t\t\t\t\t<\/select>\n\t\t<\/div>\n\t\t\t\t\t\t<\/div>\n\t\t\t\t\t\t\t\t<div class=\"elementor-field-type-text elementor-field-group elementor-column elementor-field-group-nombre elementor-col-100 elementor-field-required elementor-mark-required\">\n\t\t\t\t\t\t\t\t\t\t\t\t<label for=\"form-field-nombre\" class=\"elementor-field-label\">\n\t\t\t\t\t\t\t\tNom demandeur\t\t\t\t\t\t\t<\/label>\n\t\t\t\t\t\t\t\t\t\t\t\t\t\t<input size=\"1\" type=\"text\" name=\"form_fields[nombre]\" id=\"form-field-nombre\" class=\"elementor-field elementor-size-sm  elementor-field-textual\" placeholder=\"Nom et pr\u00e9nom\" required=\"required\">\n\t\t\t\t\t\t\t\t\t\t\t<\/div>\n\t\t\t\t\t\t\t\t<div class=\"elementor-field-type-email elementor-field-group elementor-column elementor-field-group-email elementor-col-50 elementor-field-required elementor-mark-required\">\n\t\t\t\t\t\t\t\t\t\t\t\t<label for=\"form-field-email\" class=\"elementor-field-label\">\n\t\t\t\t\t\t\t\tEmail\t\t\t\t\t\t\t<\/label>\n\t\t\t\t\t\t\t\t\t\t\t\t\t\t<input size=\"1\" type=\"email\" name=\"form_fields[email]\" id=\"form-field-email\" class=\"elementor-field elementor-size-sm  elementor-field-textual\" placeholder=\"Email\" required=\"required\">\n\t\t\t\t\t\t\t\t\t\t\t<\/div>\n\t\t\t\t\t\t\t\t<div class=\"elementor-field-type-tel elementor-field-group elementor-column elementor-field-group-phone elementor-col-50 elementor-field-required elementor-mark-required\">\n\t\t\t\t\t\t\t\t\t\t\t\t<label for=\"form-field-phone\" class=\"elementor-field-label\">\n\t\t\t\t\t\t\t\tT\u00e9l\u00e9phone\t\t\t\t\t\t\t<\/label>\n\t\t\t\t\t\t<span class=\"ccfef-editor-intl-input\" data-id=\"form-field-phone\" data-field-id=\"2855771\" data-default-country=\"es\" data-include-countries=\"\" data-exclude-countries=\"\" data-dial-code-visibility=\"show\" data-strict-mode=\"no\" style=\"display: none;\"><\/span>\t\t<input size=\"1\" type=\"tel\" name=\"form_fields[phone]\" id=\"form-field-phone\" class=\"elementor-field elementor-size-sm  elementor-field-textual\" placeholder=\"T\u00e9l\u00e9phone\" required=\"required\" pattern=\"[0-9()#&amp;+*-=.]+\" title=\"Only numbers and phone characters (#, -, *, etc) are accepted.\">\n\n\t\t\t\t\t\t<\/div>\n\t\t\t\t\t\t\t\t<div class=\"elementor-field-type-text\">\n\t\t\t\t\t<input size=\"1\" type=\"text\" name=\"form_fields[field_17d936a]\" id=\"form-field-field_17d936a\" class=\"elementor-field elementor-size-sm \" style=\"display:none !important;\">\t\t\t\t<\/div>\n\t\t\t\t\t\t\t\t<div class=\"elementor-field-type-acceptance elementor-field-group elementor-column elementor-field-group-legal elementor-col-100 elementor-field-required elementor-mark-required\">\n\t\t\t\t\t\t\t<div class=\"elementor-field-subgroup\">\n\t\t\t<span class=\"elementor-field-option\">\n\t\t\t\t<input type=\"checkbox\" name=\"form_fields[legal]\" id=\"form-field-legal\" class=\"elementor-field elementor-size-sm  elementor-acceptance-field\" required=\"required\">\n\t\t\t\t<label for=\"form-field-legal\">J'accepte les <a href=\"https:\/\/optimaretail.eu\/fr\/aviso-legal\/\" target=\"_blank\" rel=\"noopener noreferrer\">conditions d'utilisation<\/a> et la <a href=\"https:\/\/optimaretail.eu\/fr\/politicadeprivacidad-or\/\" target=\"_blank\" rel=\"noopener noreferrer\">politique de confidentialit\u00e9<\/a><\/label>\t\t\t<\/span>\n\t\t<\/div>\n\t\t\t\t\t\t<\/div>\n\t\t\t\t\t\t\t\t<div class=\"elementor-field-group elementor-column elementor-field-type-submit elementor-col-100 e-form__buttons\">\n\t\t\t\t\t<button class=\"elementor-button elementor-size-sm\" type=\"submit\">\n\t\t\t\t\t\t<span class=\"elementor-button-content-wrapper\">\n\t\t\t\t\t\t\t\t\t\t\t\t\t\t\t\t\t\t\t\t\t\t<span class=\"elementor-button-text\">Envoyer<\/span>\n\t\t\t\t\t\t\t\t\t\t\t\t\t<\/span>\n\t\t\t\t\t<\/button>\n\t\t\t\t<\/div>\n\t\t\t<\/div>\n\t\t<\/form>\n\t\t\t\t\t\t<\/div>\n\t\t\t\t\t<\/div>\n\t\t\t\t<\/div>\n\t\t\t\t<\/div>\n\t\t\t\t\t<\/div>\n\t\t\t\t<\/div>\n\t\t\t\t<\/div>\n\t\t","protected":false},"excerpt":{"rendered":"<p>Incidents Signaler un incident \u200bPour signaler un incident veuillez remplir le formulaire ci-dessous. Rappelez-vous que vous avez \u00e9galement notret\u00e9l\u00e9phone d\u2019urgence disponible: +34 910 303 144<\/p>\n","protected":false},"author":5,"featured_media":0,"parent":0,"menu_order":0,"comment_status":"closed","ping_status":"closed","template":"","meta":{"_acf_changed":false,"rop_custom_images_group":[],"rop_custom_messages_group":[],"rop_publish_now":"initial","rop_publish_now_accounts":{"facebook_122097394580933375_751730124684203":""},"rop_publish_now_history":[],"rop_publish_now_status":"pending","footnotes":""},"class_list":["post-7285","page","type-page","status-publish","hentry"],"acf":[],"yoast_head":"<!-- This site is optimized with the Yoast SEO plugin v27.3 - https:\/\/yoast.com\/product\/yoast-seo-wordpress\/ -->\n<title>Signaler un incident | Optima Retail<\/title>\n<meta name=\"robots\" content=\"index, follow, max-snippet:-1, max-image-preview:large, max-video-preview:-1\" \/>\n<link rel=\"canonical\" href=\"https:\/\/optimaretail.eu\/reportar-una-incidencia\/\" \/>\n<meta property=\"og:locale\" content=\"fr_FR\" \/>\n<meta property=\"og:type\" content=\"article\" \/>\n<meta property=\"og:title\" content=\"Signaler un incident | Optima Retail\" \/>\n<meta property=\"og:description\" content=\"Incidents Signaler un incident \u200bPour signaler un incident veuillez remplir le formulaire ci-dessous. Rappelez-vous que vous avez \u00e9galement notret\u00e9l\u00e9phone d\u2019urgence disponible: +34 910 303 144\" \/>\n<meta property=\"og:url\" content=\"https:\/\/optimaretail.eu\/reportar-una-incidencia\/\" \/>\n<meta property=\"og:site_name\" content=\"Optima Retail\" \/>\n<meta property=\"article:publisher\" content=\"https:\/\/www.facebook.com\/people\/Optima-Retail-SL\/61578005819425\/\" \/>\n<meta property=\"article:modified_time\" content=\"2025-03-31T15:24:13+00:00\" \/>\n<meta name=\"twitter:card\" content=\"summary_large_image\" \/>\n<script type=\"application\/ld+json\" class=\"yoast-schema-graph\">{\"@context\":\"https:\\\/\\\/schema.org\",\"@graph\":[{\"@type\":\"WebPage\",\"@id\":\"https:\\\/\\\/optimaretail.eu\\\/reportar-una-incidencia\\\/\",\"url\":\"https:\\\/\\\/optimaretail.eu\\\/reportar-una-incidencia\\\/\",\"name\":\"Signaler un incident | Optima Retail\",\"isPartOf\":{\"@id\":\"https:\\\/\\\/optimaretail.eu\\\/#website\"},\"datePublished\":\"2025-03-06T14:54:02+00:00\",\"dateModified\":\"2025-03-31T15:24:13+00:00\",\"breadcrumb\":{\"@id\":\"https:\\\/\\\/optimaretail.eu\\\/reportar-una-incidencia\\\/#breadcrumb\"},\"inLanguage\":\"fr-FR\",\"potentialAction\":[{\"@type\":\"ReadAction\",\"target\":[\"https:\\\/\\\/optimaretail.eu\\\/reportar-una-incidencia\\\/\"]}]},{\"@type\":\"BreadcrumbList\",\"@id\":\"https:\\\/\\\/optimaretail.eu\\\/reportar-una-incidencia\\\/#breadcrumb\",\"itemListElement\":[{\"@type\":\"ListItem\",\"position\":1,\"name\":\"Optima Retail\",\"item\":\"https:\\\/\\\/optimaretail.eu\\\/\"},{\"@type\":\"ListItem\",\"position\":2,\"name\":\"Signaler un incident\"}]},{\"@type\":\"WebSite\",\"@id\":\"https:\\\/\\\/optimaretail.eu\\\/#website\",\"url\":\"https:\\\/\\\/optimaretail.eu\\\/\",\"name\":\"Optima Retail\",\"description\":\"Maintenance de d\u00e9tail\",\"publisher\":{\"@id\":\"https:\\\/\\\/optimaretail.eu\\\/#organization\"},\"potentialAction\":[{\"@type\":\"SearchAction\",\"target\":{\"@type\":\"EntryPoint\",\"urlTemplate\":\"https:\\\/\\\/optimaretail.eu\\\/?s={search_term_string}\"},\"query-input\":{\"@type\":\"PropertyValueSpecification\",\"valueRequired\":true,\"valueName\":\"search_term_string\"}}],\"inLanguage\":\"fr-FR\"},{\"@type\":\"Organization\",\"@id\":\"https:\\\/\\\/optimaretail.eu\\\/#organization\",\"name\":\"Optima Retail\",\"url\":\"https:\\\/\\\/optimaretail.eu\\\/\",\"logo\":{\"@type\":\"ImageObject\",\"inLanguage\":\"fr-FR\",\"@id\":\"https:\\\/\\\/optimaretail.eu\\\/#\\\/schema\\\/logo\\\/image\\\/\",\"url\":\"https:\\\/\\\/optimaretail.eu\\\/wp-content\\\/uploads\\\/2025\\\/02\\\/kit-por-defecto.svg\",\"contentUrl\":\"https:\\\/\\\/optimaretail.eu\\\/wp-content\\\/uploads\\\/2025\\\/02\\\/kit-por-defecto.svg\",\"width\":499,\"height\":93,\"caption\":\"Optima Retail\"},\"image\":{\"@id\":\"https:\\\/\\\/optimaretail.eu\\\/#\\\/schema\\\/logo\\\/image\\\/\"},\"sameAs\":[\"https:\\\/\\\/www.facebook.com\\\/people\\\/Optima-Retail-SL\\\/61578005819425\\\/\"]}]}<\/script>\n<!-- \/ Yoast SEO plugin. -->","yoast_head_json":{"title":"Signaler un incident | Optima Retail","robots":{"index":"index","follow":"follow","max-snippet":"max-snippet:-1","max-image-preview":"max-image-preview:large","max-video-preview":"max-video-preview:-1"},"canonical":"https:\/\/optimaretail.eu\/reportar-una-incidencia\/","og_locale":"fr_FR","og_type":"article","og_title":"Signaler un incident | Optima Retail","og_description":"Incidents Signaler un incident \u200bPour signaler un incident veuillez remplir le formulaire ci-dessous. Rappelez-vous que vous avez \u00e9galement notret\u00e9l\u00e9phone d\u2019urgence disponible: +34 910 303 144","og_url":"https:\/\/optimaretail.eu\/reportar-una-incidencia\/","og_site_name":"Optima Retail","article_publisher":"https:\/\/www.facebook.com\/people\/Optima-Retail-SL\/61578005819425\/","article_modified_time":"2025-03-31T15:24:13+00:00","twitter_card":"summary_large_image","schema":{"@context":"https:\/\/schema.org","@graph":[{"@type":"WebPage","@id":"https:\/\/optimaretail.eu\/reportar-una-incidencia\/","url":"https:\/\/optimaretail.eu\/reportar-una-incidencia\/","name":"Signaler un incident | Optima Retail","isPartOf":{"@id":"https:\/\/optimaretail.eu\/#website"},"datePublished":"2025-03-06T14:54:02+00:00","dateModified":"2025-03-31T15:24:13+00:00","breadcrumb":{"@id":"https:\/\/optimaretail.eu\/reportar-una-incidencia\/#breadcrumb"},"inLanguage":"fr-FR","potentialAction":[{"@type":"ReadAction","target":["https:\/\/optimaretail.eu\/reportar-una-incidencia\/"]}]},{"@type":"BreadcrumbList","@id":"https:\/\/optimaretail.eu\/reportar-una-incidencia\/#breadcrumb","itemListElement":[{"@type":"ListItem","position":1,"name":"Optima Retail","item":"https:\/\/optimaretail.eu\/"},{"@type":"ListItem","position":2,"name":"Signaler un incident"}]},{"@type":"WebSite","@id":"https:\/\/optimaretail.eu\/#website","url":"https:\/\/optimaretail.eu\/","name":"Optima Retail","description":"Maintenance de d\u00e9tail","publisher":{"@id":"https:\/\/optimaretail.eu\/#organization"},"potentialAction":[{"@type":"SearchAction","target":{"@type":"EntryPoint","urlTemplate":"https:\/\/optimaretail.eu\/?s={search_term_string}"},"query-input":{"@type":"PropertyValueSpecification","valueRequired":true,"valueName":"search_term_string"}}],"inLanguage":"fr-FR"},{"@type":"Organization","@id":"https:\/\/optimaretail.eu\/#organization","name":"Optima Retail","url":"https:\/\/optimaretail.eu\/","logo":{"@type":"ImageObject","inLanguage":"fr-FR","@id":"https:\/\/optimaretail.eu\/#\/schema\/logo\/image\/","url":"https:\/\/optimaretail.eu\/wp-content\/uploads\/2025\/02\/kit-por-defecto.svg","contentUrl":"https:\/\/optimaretail.eu\/wp-content\/uploads\/2025\/02\/kit-por-defecto.svg","width":499,"height":93,"caption":"Optima Retail"},"image":{"@id":"https:\/\/optimaretail.eu\/#\/schema\/logo\/image\/"},"sameAs":["https:\/\/www.facebook.com\/people\/Optima-Retail-SL\/61578005819425\/"]}]}},"_links":{"self":[{"href":"https:\/\/optimaretail.eu\/fr\/wp-json\/wp\/v2\/pages\/7285","targetHints":{"allow":["GET"]}}],"collection":[{"href":"https:\/\/optimaretail.eu\/fr\/wp-json\/wp\/v2\/pages"}],"about":[{"href":"https:\/\/optimaretail.eu\/fr\/wp-json\/wp\/v2\/types\/page"}],"author":[{"embeddable":true,"href":"https:\/\/optimaretail.eu\/fr\/wp-json\/wp\/v2\/users\/5"}],"replies":[{"embeddable":true,"href":"https:\/\/optimaretail.eu\/fr\/wp-json\/wp\/v2\/comments?post=7285"}],"version-history":[{"count":5,"href":"https:\/\/optimaretail.eu\/fr\/wp-json\/wp\/v2\/pages\/7285\/revisions"}],"predecessor-version":[{"id":10312,"href":"https:\/\/optimaretail.eu\/fr\/wp-json\/wp\/v2\/pages\/7285\/revisions\/10312"}],"wp:attachment":[{"href":"https:\/\/optimaretail.eu\/fr\/wp-json\/wp\/v2\/media?parent=7285"}],"curies":[{"name":"wp","href":"https:\/\/api.w.org\/{rel}","templated":true}]}}