{"id":7296,"date":"2025-02-17T23:18:31","date_gmt":"2025-02-17T22:18:31","guid":{"rendered":"https:\/\/optima.yvonnefuertes.com\/newsletter-fr\/"},"modified":"2025-03-31T17:24:13","modified_gmt":"2025-03-31T15:24:13","slug":"newsletter-or","status":"publish","type":"page","link":"https:\/\/optimaretail.eu\/fr\/newsletter-or\/","title":{"rendered":"Newsletter FR"},"content":{"rendered":"\t\t<div data-elementor-type=\"wp-page\" data-elementor-id=\"7296\" class=\"elementor elementor-7296 elementor-480\" data-elementor-post-type=\"page\">\n\t\t\t\t<div class=\"elementor-element elementor-element-ef11b18 e-flex e-con-boxed e-con e-parent\" data-id=\"ef11b18\" data-element_type=\"container\" data-e-type=\"container\">\n\t\t\t\t\t<div class=\"e-con-inner\">\n\t\t<div class=\"elementor-element elementor-element-122433f e-con-full e-flex e-con e-child\" data-id=\"122433f\" data-element_type=\"container\" data-e-type=\"container\">\n\t\t\t\t<div class=\"elementor-element elementor-element-8a74765 elementor-view-stacked elementor-position-inline-start elementor-widget__width-initial elementor-mobile-position-inline-start elementor-shape-circle elementor-widget elementor-widget-icon-box\" data-id=\"8a74765\" data-element_type=\"widget\" data-e-type=\"widget\" data-widget_type=\"icon-box.default\">\n\t\t\t\t\t\t\t<div class=\"elementor-icon-box-wrapper\">\n\n\t\t\t\t\t\t<div class=\"elementor-icon-box-icon\">\n\t\t\t\t<a href=\"https:\/\/www.linkedin.com\/build-relation\/newsletter-follow?entityUrn=7069276453728583680\" class=\"elementor-icon\" tabindex=\"-1\" aria-label=\"Abonnez-vous \u00e0 notre newsletter\">\n\t\t\t\t<svg xmlns=\"http:\/\/www.w3.org\/2000\/svg\" height=\"512\" viewBox=\"0 0 512 512\" width=\"512\"><g id=\"_x31_1_Newsletter\"><g><path d=\"m150.291 243.46h211.494c4.299 0 7.777-3.479 7.777-7.777s-3.479-7.777-7.777-7.777h-211.494c-4.299 0-7.777 3.479-7.777 7.777s3.478 7.777 7.777 7.777z\"><\/path><path d=\"m150.291 169.446h211.494c4.299 0 7.777-3.479 7.777-7.777s-3.479-7.777-7.777-7.777h-211.494c-4.299 0-7.777 3.479-7.777 7.777s3.478 7.777 7.777 7.777z\"><\/path><path d=\"m150.291 95.431h211.494c4.299 0 7.777-3.479 7.777-7.777 0-4.299-3.479-7.777-7.777-7.777h-211.494c-4.299 0-7.777 3.479-7.777 7.777 0 4.299 3.478 7.777 7.777 7.777z\"><\/path><path d=\"m171.771 348.473c.078.078.234.156.389.311v-.078zm244.91-77.696h.078c0-.078.078-.156.234-.156-.078 0-.156.078-.312.156zm80.419 57.553c4.295 0 7.777-3.482 7.777-7.777v-82.129c0-13.844-6.688-27.532-17.81-35.854l-53.276-40.287v-115.651c0-21.648-17.55-39.198-39.198-39.198h-277.109c-21.648 0-39.198 17.55-39.198 39.198v115.65l-53.276 40.287c-10.266 7.7-17.888 21.155-17.888 35.854v221.112c0 24.265 19.91 45.031 45.109 45.031h407.614c25.821 0 45.031-21.466 45.031-45.031v-78.941c0-4.295-3.482-7.777-7.777-7.777-4.295 0-7.777 3.482-7.777 7.777v78.941c0 4.666-1.167 9.177-3.344 13.299l-155.004-117.361c22.467-17.06 123.393-93.859 156.127-118.218 1.031.542 1.191.626 2.221 1.168v82.129c0 4.296 3.482 7.778 7.778 7.778zm-462.756-113.317c.078-.078.078-.078.078-.078l43.865-33.132v76.297l-49.387-37.41c1.166-1.555 2.566-3.577 5.444-5.677zm-11.666 244.522c.078-60.897-.156-218.079.311-223.756 92.629 70.152 132.916 100.64 148.782 112.695.078.078.234.156.389.311v-.078c.234.155.389.311.622.544.156.077.234.155.389.233.156.156.389.311.544.467.156.078.234.156.389.234 0 .077.078.077.156.155l.234.156c.155.078.311.234.467.389h.078c.233.156.467.389.7.544l.156.156c.233.155.389.311.622.389 0 .078.077.156.155.156 0 .077.078.077.156.155.389.234.778.544 1.244.933l.234.156c.078.078.078.078.156.156l.155.078c.078.077.078.077.078.077s0 0 .078.078c.078 0 .156.078.156.078.212.163.216.168.347.27.066.066.131.131.197.197.934.7 1.089.778.467.311.078.077.234.155.311.233.544.467.233.156.233.156s.078.078.156.155l.156.078c.078.078.233.156.311.234l-155.007 117.437c-2.178-4.122-3.422-8.711-3.422-13.377zm443.234 17.654.156.156h.078v.078h.078c.855.622 3.111 2.333 9.177 6.922-3.344 2.1-8.089 4.666-15.555 4.666h-407.614c-4.511 0-9.8-1.011-15.555-4.666 21.388-16.255 200.813-152.049 200.813-152.049 10.966-8.166 26.132-8.166 37.021 0 163.481 123.739 188.368 142.56 191.401 144.893zm-47.675-430.557v3.656 219.322s-.078.078-.389.311c-.389.311-.7.467-.855.7-.078 0-.156.078-.311.156l-.077.078c-5.289 4.044-26.443 20.143-98.54 74.896-.778-.622-32.043-24.421-34.065-25.899-16.488-12.366-39.431-12.366-55.842 0-.778.622-32.198 24.421-34.142 25.899l-100.175-75.907c0-2.722 0-3.578 0-3.578v-219.634c0-12.988 10.577-23.643 23.643-23.643h277.109c13.066 0 23.565 10.577 23.643 23.565v.078zm15.555 211.312v-76.141l43.943 33.21c3.033 2.255 4.822 4.822 5.444 5.677z\"><\/path><\/g><\/g><\/svg>\t\t\t\t<\/a>\n\t\t\t<\/div>\n\t\t\t\n\t\t\t\t\t\t<div class=\"elementor-icon-box-content\">\n\n\t\t\t\t\t\t\t\t\t<div class=\"elementor-icon-box-title\">\n\t\t\t\t\t\t<a href=\"https:\/\/www.linkedin.com\/build-relation\/newsletter-follow?entityUrn=7069276453728583680\" >\n\t\t\t\t\t\t\tAbonnez-vous \u00e0 notre newsletter\t\t\t\t\t\t<\/a>\n\t\t\t\t\t<\/div>\n\t\t\t\t\n\t\t\t\t\n\t\t\t<\/div>\n\t\t\t\n\t\t<\/div>\n\t\t\t\t\t\t<\/div>\n\t\t\t\t<div class=\"elementor-element elementor-element-73bdcf2 elementor-widget__width-initial elementor-widget elementor-widget-text-editor\" data-id=\"73bdcf2\" data-element_type=\"widget\" data-e-type=\"widget\" data-widget_type=\"text-editor.default\">\n\t\t\t\t\t\t\t\t\t<p>Rejoignez notre communaut\u00e9 exclusive ! Abonnez-vous \u00e0 notre newsletter pour acc\u00e9der aux derni\u00e8res nouvelles du secteur du commerce de d\u00e9tail, de la gestion des installations, des \u00e9v\u00e9nements phares et des opportunit\u00e9s d&#8217;emploi chez Optima Retail.<\/p><p>Restez inform\u00e9 et connect\u00e9 avec les derni\u00e8res tendances du monde du commerce de d\u00e9tail.<\/p><p>Ne manquez aucune mise \u00e0 jour, rejoignez-nous maintenant !<\/p>\t\t\t\t\t\t\t\t<\/div>\n\t\t\t\t<div class=\"elementor-element elementor-element-e8bd844 elementor-align-center elementor-mobile-align-center elementor-widget elementor-widget-button\" data-id=\"e8bd844\" data-element_type=\"widget\" data-e-type=\"widget\" data-widget_type=\"button.default\">\n\t\t\t\t\t\t\t\t\t\t<a class=\"elementor-button elementor-button-link elementor-size-sm\" href=\"https:\/\/www.linkedin.com\/build-relation\/newsletter-follow?entityUrn=7069276453728583680\" target=\"_blank\">\n\t\t\t\t\t\t<span class=\"elementor-button-content-wrapper\">\n\t\t\t\t\t\t\t\t\t<span class=\"elementor-button-text\">Rejoindre<\/span>\n\t\t\t\t\t<\/span>\n\t\t\t\t\t<\/a>\n\t\t\t\t\t\t\t\t<\/div>\n\t\t\t\t<\/div>\n\t\t\t\t\t<\/div>\n\t\t\t\t<\/div>\n\t\t\t\t<\/div>\n\t\t","protected":false},"excerpt":{"rendered":"<p>Abonnez-vous \u00e0 notre newsletter Rejoignez notre communaut\u00e9 exclusive ! Abonnez-vous \u00e0 notre newsletter pour acc\u00e9der aux derni\u00e8res nouvelles du secteur du commerce de d\u00e9tail, de la gestion des installations, des \u00e9v\u00e9nements phares et des opportunit\u00e9s d&#8217;emploi chez Optima Retail. Restez inform\u00e9 et connect\u00e9 avec les derni\u00e8res tendances du monde du commerce de d\u00e9tail. Ne manquez [&hellip;]<\/p>\n","protected":false},"author":5,"featured_media":0,"parent":0,"menu_order":0,"comment_status":"closed","ping_status":"closed","template":"","meta":{"_acf_changed":false,"rop_custom_images_group":[],"rop_custom_messages_group":[],"rop_publish_now":"initial","rop_publish_now_accounts":{"facebook_122097394580933375_751730124684203":""},"rop_publish_now_history":[],"rop_publish_now_status":"pending","footnotes":""},"class_list":["post-7296","page","type-page","status-publish","hentry"],"acf":[],"yoast_head":"<!-- This site is optimized with the Yoast SEO plugin v27.3 - https:\/\/yoast.com\/product\/yoast-seo-wordpress\/ -->\n<title>Newsletter FR | Optima Retail<\/title>\n<meta name=\"robots\" content=\"noindex, follow\" \/>\n<meta property=\"og:locale\" content=\"fr_FR\" \/>\n<meta property=\"og:type\" content=\"article\" \/>\n<meta property=\"og:title\" content=\"Newsletter FR | Optima Retail\" \/>\n<meta property=\"og:description\" content=\"Abonnez-vous \u00e0 notre newsletter Rejoignez notre communaut\u00e9 exclusive ! Abonnez-vous \u00e0 notre newsletter pour acc\u00e9der aux derni\u00e8res nouvelles du secteur du commerce de d\u00e9tail, de la gestion des installations, des \u00e9v\u00e9nements phares et des opportunit\u00e9s d&#8217;emploi chez Optima Retail. Restez inform\u00e9 et connect\u00e9 avec les derni\u00e8res tendances du monde du commerce de d\u00e9tail. Ne manquez [&hellip;]\" \/>\n<meta property=\"og:url\" content=\"https:\/\/optimaretail.eu\/fr\/newsletter-or\/\" \/>\n<meta property=\"og:site_name\" content=\"Optima Retail\" \/>\n<meta property=\"article:publisher\" content=\"https:\/\/www.facebook.com\/people\/Optima-Retail-SL\/61578005819425\/\" \/>\n<meta property=\"article:modified_time\" content=\"2025-03-31T15:24:13+00:00\" \/>\n<meta name=\"twitter:card\" content=\"summary_large_image\" \/>\n<script type=\"application\/ld+json\" class=\"yoast-schema-graph\">{\"@context\":\"https:\\\/\\\/schema.org\",\"@graph\":[{\"@type\":\"WebPage\",\"@id\":\"https:\\\/\\\/optimaretail.eu\\\/fr\\\/newsletter-or\\\/\",\"url\":\"https:\\\/\\\/optimaretail.eu\\\/fr\\\/newsletter-or\\\/\",\"name\":\"Newsletter FR | Optima Retail\",\"isPartOf\":{\"@id\":\"https:\\\/\\\/optimaretail.eu\\\/fr\\\/#website\"},\"datePublished\":\"2025-02-17T22:18:31+00:00\",\"dateModified\":\"2025-03-31T15:24:13+00:00\",\"breadcrumb\":{\"@id\":\"https:\\\/\\\/optimaretail.eu\\\/fr\\\/newsletter-or\\\/#breadcrumb\"},\"inLanguage\":\"fr-FR\",\"potentialAction\":[{\"@type\":\"ReadAction\",\"target\":[\"https:\\\/\\\/optimaretail.eu\\\/fr\\\/newsletter-or\\\/\"]}]},{\"@type\":\"BreadcrumbList\",\"@id\":\"https:\\\/\\\/optimaretail.eu\\\/fr\\\/newsletter-or\\\/#breadcrumb\",\"itemListElement\":[{\"@type\":\"ListItem\",\"position\":1,\"name\":\"Optima Retail\",\"item\":\"https:\\\/\\\/optimaretail.eu\\\/fr\\\/\"},{\"@type\":\"ListItem\",\"position\":2,\"name\":\"Newsletter FR\"}]},{\"@type\":\"WebSite\",\"@id\":\"https:\\\/\\\/optimaretail.eu\\\/fr\\\/#website\",\"url\":\"https:\\\/\\\/optimaretail.eu\\\/fr\\\/\",\"name\":\"Optima Retail\",\"description\":\"Maintenance de d\u00e9tail\",\"publisher\":{\"@id\":\"https:\\\/\\\/optimaretail.eu\\\/fr\\\/#organization\"},\"potentialAction\":[{\"@type\":\"SearchAction\",\"target\":{\"@type\":\"EntryPoint\",\"urlTemplate\":\"https:\\\/\\\/optimaretail.eu\\\/fr\\\/?s={search_term_string}\"},\"query-input\":{\"@type\":\"PropertyValueSpecification\",\"valueRequired\":true,\"valueName\":\"search_term_string\"}}],\"inLanguage\":\"fr-FR\"},{\"@type\":\"Organization\",\"@id\":\"https:\\\/\\\/optimaretail.eu\\\/fr\\\/#organization\",\"name\":\"Optima Retail\",\"url\":\"https:\\\/\\\/optimaretail.eu\\\/fr\\\/\",\"logo\":{\"@type\":\"ImageObject\",\"inLanguage\":\"fr-FR\",\"@id\":\"https:\\\/\\\/optimaretail.eu\\\/fr\\\/#\\\/schema\\\/logo\\\/image\\\/\",\"url\":\"https:\\\/\\\/optimaretail.eu\\\/wp-content\\\/uploads\\\/2025\\\/02\\\/kit-por-defecto.svg\",\"contentUrl\":\"https:\\\/\\\/optimaretail.eu\\\/wp-content\\\/uploads\\\/2025\\\/02\\\/kit-por-defecto.svg\",\"width\":499,\"height\":93,\"caption\":\"Optima Retail\"},\"image\":{\"@id\":\"https:\\\/\\\/optimaretail.eu\\\/fr\\\/#\\\/schema\\\/logo\\\/image\\\/\"},\"sameAs\":[\"https:\\\/\\\/www.facebook.com\\\/people\\\/Optima-Retail-SL\\\/61578005819425\\\/\"]}]}<\/script>\n<!-- \/ Yoast SEO plugin. -->","yoast_head_json":{"title":"Newsletter FR | Optima Retail","robots":{"index":"noindex","follow":"follow"},"og_locale":"fr_FR","og_type":"article","og_title":"Newsletter FR | Optima Retail","og_description":"Abonnez-vous \u00e0 notre newsletter Rejoignez notre communaut\u00e9 exclusive ! Abonnez-vous \u00e0 notre newsletter pour acc\u00e9der aux derni\u00e8res nouvelles du secteur du commerce de d\u00e9tail, de la gestion des installations, des \u00e9v\u00e9nements phares et des opportunit\u00e9s d&#8217;emploi chez Optima Retail. Restez inform\u00e9 et connect\u00e9 avec les derni\u00e8res tendances du monde du commerce de d\u00e9tail. Ne manquez [&hellip;]","og_url":"https:\/\/optimaretail.eu\/fr\/newsletter-or\/","og_site_name":"Optima Retail","article_publisher":"https:\/\/www.facebook.com\/people\/Optima-Retail-SL\/61578005819425\/","article_modified_time":"2025-03-31T15:24:13+00:00","twitter_card":"summary_large_image","schema":{"@context":"https:\/\/schema.org","@graph":[{"@type":"WebPage","@id":"https:\/\/optimaretail.eu\/fr\/newsletter-or\/","url":"https:\/\/optimaretail.eu\/fr\/newsletter-or\/","name":"Newsletter FR | Optima Retail","isPartOf":{"@id":"https:\/\/optimaretail.eu\/fr\/#website"},"datePublished":"2025-02-17T22:18:31+00:00","dateModified":"2025-03-31T15:24:13+00:00","breadcrumb":{"@id":"https:\/\/optimaretail.eu\/fr\/newsletter-or\/#breadcrumb"},"inLanguage":"fr-FR","potentialAction":[{"@type":"ReadAction","target":["https:\/\/optimaretail.eu\/fr\/newsletter-or\/"]}]},{"@type":"BreadcrumbList","@id":"https:\/\/optimaretail.eu\/fr\/newsletter-or\/#breadcrumb","itemListElement":[{"@type":"ListItem","position":1,"name":"Optima Retail","item":"https:\/\/optimaretail.eu\/fr\/"},{"@type":"ListItem","position":2,"name":"Newsletter FR"}]},{"@type":"WebSite","@id":"https:\/\/optimaretail.eu\/fr\/#website","url":"https:\/\/optimaretail.eu\/fr\/","name":"Optima Retail","description":"Maintenance de d\u00e9tail","publisher":{"@id":"https:\/\/optimaretail.eu\/fr\/#organization"},"potentialAction":[{"@type":"SearchAction","target":{"@type":"EntryPoint","urlTemplate":"https:\/\/optimaretail.eu\/fr\/?s={search_term_string}"},"query-input":{"@type":"PropertyValueSpecification","valueRequired":true,"valueName":"search_term_string"}}],"inLanguage":"fr-FR"},{"@type":"Organization","@id":"https:\/\/optimaretail.eu\/fr\/#organization","name":"Optima Retail","url":"https:\/\/optimaretail.eu\/fr\/","logo":{"@type":"ImageObject","inLanguage":"fr-FR","@id":"https:\/\/optimaretail.eu\/fr\/#\/schema\/logo\/image\/","url":"https:\/\/optimaretail.eu\/wp-content\/uploads\/2025\/02\/kit-por-defecto.svg","contentUrl":"https:\/\/optimaretail.eu\/wp-content\/uploads\/2025\/02\/kit-por-defecto.svg","width":499,"height":93,"caption":"Optima Retail"},"image":{"@id":"https:\/\/optimaretail.eu\/fr\/#\/schema\/logo\/image\/"},"sameAs":["https:\/\/www.facebook.com\/people\/Optima-Retail-SL\/61578005819425\/"]}]}},"_links":{"self":[{"href":"https:\/\/optimaretail.eu\/fr\/wp-json\/wp\/v2\/pages\/7296","targetHints":{"allow":["GET"]}}],"collection":[{"href":"https:\/\/optimaretail.eu\/fr\/wp-json\/wp\/v2\/pages"}],"about":[{"href":"https:\/\/optimaretail.eu\/fr\/wp-json\/wp\/v2\/types\/page"}],"author":[{"embeddable":true,"href":"https:\/\/optimaretail.eu\/fr\/wp-json\/wp\/v2\/users\/5"}],"replies":[{"embeddable":true,"href":"https:\/\/optimaretail.eu\/fr\/wp-json\/wp\/v2\/comments?post=7296"}],"version-history":[{"count":3,"href":"https:\/\/optimaretail.eu\/fr\/wp-json\/wp\/v2\/pages\/7296\/revisions"}],"predecessor-version":[{"id":10416,"href":"https:\/\/optimaretail.eu\/fr\/wp-json\/wp\/v2\/pages\/7296\/revisions\/10416"}],"wp:attachment":[{"href":"https:\/\/optimaretail.eu\/fr\/wp-json\/wp\/v2\/media?parent=7296"}],"curies":[{"name":"wp","href":"https:\/\/api.w.org\/{rel}","templated":true}]}}