{"id":7440,"date":"2025-03-10T15:52:31","date_gmt":"2025-03-10T14:52:31","guid":{"rendered":"https:\/\/optima.yvonnefuertes.com\/signaler-un-incident\/nous-avons-recu-votre-incident\/"},"modified":"2025-03-15T20:04:29","modified_gmt":"2025-03-15T19:04:29","slug":"nous-avons-recu-votre-incident","status":"publish","type":"page","link":"https:\/\/optimaretail.eu\/fr\/signaler-un-incident\/nous-avons-recu-votre-incident\/","title":{"rendered":"Nous avons re\u00e7u votre incident"},"content":{"rendered":"\t\t<div data-elementor-type=\"wp-page\" data-elementor-id=\"7440\" class=\"elementor elementor-7440 elementor-4861\" data-elementor-post-type=\"page\">\n\t\t\t\t<div class=\"elementor-element elementor-element-c237a13 e-flex e-con-boxed e-con e-child\" data-id=\"c237a13\" data-element_type=\"container\">\n\t\t\t\t\t<div class=\"e-con-inner\">\n\t\t<div class=\"elementor-element elementor-element-08ff25b e-con-full e-flex e-con e-child\" data-id=\"08ff25b\" data-element_type=\"container\">\n\t\t\t\t<div class=\"elementor-element elementor-element-81f53c9 elementor-invisible elementor-widget elementor-widget-heading\" data-id=\"81f53c9\" data-element_type=\"widget\" data-settings=\"{&quot;_animation&quot;:&quot;fadeInDown&quot;}\" data-widget_type=\"heading.default\">\n\t\t\t\t\t<div class=\"elementor-heading-title elementor-size-default\"><a href=\"https:\/\/optimaretail.eu\/fr\/signaler-un-incident\/\">Incidents<\/a><\/div>\t\t\t\t<\/div>\n\t\t\t\t<div class=\"elementor-element elementor-element-76dd61f elementor-widget__width-initial elementor-widget elementor-widget-heading\" data-id=\"76dd61f\" data-element_type=\"widget\" data-widget_type=\"heading.default\">\n\t\t\t\t\t<h1 class=\"elementor-heading-title elementor-size-default\">Merci pour votre message<\/h1>\t\t\t\t<\/div>\n\t\t\t\t<div class=\"elementor-element elementor-element-584e851 elementor-widget__width-initial elementor-widget elementor-widget-text-editor\" data-id=\"584e851\" data-element_type=\"widget\" data-widget_type=\"text-editor.default\">\n\t\t\t\t\t\t\t\t\t<p>Nous avons bien re\u00e7u votre notification. Vous recevrez une copie du message que vous nous avez envoy\u00e9 et nous vous r\u00e9pondrons dans les plus brefs d\u00e9lais.<\/p>\t\t\t\t\t\t\t\t<\/div>\n\t\t\t\t<div class=\"elementor-element elementor-element-13d393c elementor-widget elementor-widget-text-editor\" data-id=\"13d393c\" data-element_type=\"widget\" data-widget_type=\"text-editor.default\">\n\t\t\t\t\t\t\t\t\t<p>Rappelez-vous que vous avez \u00e9galement notre<br><strong>t\u00e9l\u00e9phone d\u2019urgence disponible: <a href=\"tel:0034910303144\" target=\"_blank\" rel=\"noopener\">+34 910 303 144<\/a><\/strong><\/p>\t\t\t\t\t\t\t\t<\/div>\n\t\t\t\t<\/div>\n\t\t\t\t\t<\/div>\n\t\t\t\t<\/div>\n\t\t\t\t<\/div>\n\t\t","protected":false},"excerpt":{"rendered":"<p>Incidents Merci pour votre message Nous avons bien re\u00e7u votre notification. Vous recevrez une copie du message que vous nous avez envoy\u00e9 et nous vous r\u00e9pondrons dans les plus brefs d\u00e9lais. Rappelez-vous que vous avez \u00e9galement notret\u00e9l\u00e9phone d\u2019urgence disponible: +34 910 303 144<\/p>\n","protected":false},"author":5,"featured_media":0,"parent":7285,"menu_order":0,"comment_status":"closed","ping_status":"closed","template":"","meta":{"_acf_changed":false,"rop_custom_images_group":[],"rop_custom_messages_group":[],"rop_publish_now":"initial","rop_publish_now_accounts":{"facebook_122097394580933375_751730124684203":""},"rop_publish_now_history":[],"rop_publish_now_status":"pending","footnotes":""},"class_list":["post-7440","page","type-page","status-publish","hentry"],"acf":[],"yoast_head":"<!-- This site is optimized with the Yoast SEO plugin v27.3 - https:\/\/yoast.com\/product\/yoast-seo-wordpress\/ -->\n<title>Nous avons re\u00e7u votre incident | Optima Retail<\/title>\n<meta name=\"robots\" content=\"index, follow, max-snippet:-1, max-image-preview:large, max-video-preview:-1\" \/>\n<link rel=\"canonical\" href=\"https:\/\/optimaretail.eu\/reportar-una-incidencia\/incidencia-recibida\/\" \/>\n<meta property=\"og:locale\" content=\"fr_FR\" \/>\n<meta property=\"og:type\" content=\"article\" \/>\n<meta property=\"og:title\" content=\"Nous avons re\u00e7u votre incident | Optima Retail\" \/>\n<meta property=\"og:description\" content=\"Incidents Merci pour votre message Nous avons bien re\u00e7u votre notification. Vous recevrez une copie du message que vous nous avez envoy\u00e9 et nous vous r\u00e9pondrons dans les plus brefs d\u00e9lais. Rappelez-vous que vous avez \u00e9galement notret\u00e9l\u00e9phone d\u2019urgence disponible: +34 910 303 144\" \/>\n<meta property=\"og:url\" content=\"https:\/\/optimaretail.eu\/reportar-una-incidencia\/incidencia-recibida\/\" \/>\n<meta property=\"og:site_name\" content=\"Optima Retail\" \/>\n<meta property=\"article:publisher\" content=\"https:\/\/www.facebook.com\/people\/Optima-Retail-SL\/61578005819425\/\" \/>\n<meta property=\"article:modified_time\" content=\"2025-03-15T19:04:29+00:00\" \/>\n<meta name=\"twitter:card\" content=\"summary_large_image\" \/>\n<script type=\"application\/ld+json\" class=\"yoast-schema-graph\">{\"@context\":\"https:\\\/\\\/schema.org\",\"@graph\":[{\"@type\":\"WebPage\",\"@id\":\"https:\\\/\\\/optimaretail.eu\\\/reportar-una-incidencia\\\/incidencia-recibida\\\/\",\"url\":\"https:\\\/\\\/optimaretail.eu\\\/reportar-una-incidencia\\\/incidencia-recibida\\\/\",\"name\":\"Nous avons re\u00e7u votre incident | Optima Retail\",\"isPartOf\":{\"@id\":\"https:\\\/\\\/optimaretail.eu\\\/#website\"},\"datePublished\":\"2025-03-10T14:52:31+00:00\",\"dateModified\":\"2025-03-15T19:04:29+00:00\",\"breadcrumb\":{\"@id\":\"https:\\\/\\\/optimaretail.eu\\\/reportar-una-incidencia\\\/incidencia-recibida\\\/#breadcrumb\"},\"inLanguage\":\"fr-FR\",\"potentialAction\":[{\"@type\":\"ReadAction\",\"target\":[\"https:\\\/\\\/optimaretail.eu\\\/reportar-una-incidencia\\\/incidencia-recibida\\\/\"]}]},{\"@type\":\"BreadcrumbList\",\"@id\":\"https:\\\/\\\/optimaretail.eu\\\/reportar-una-incidencia\\\/incidencia-recibida\\\/#breadcrumb\",\"itemListElement\":[{\"@type\":\"ListItem\",\"position\":1,\"name\":\"Optima Retail\",\"item\":\"https:\\\/\\\/optimaretail.eu\\\/\"},{\"@type\":\"ListItem\",\"position\":2,\"name\":\"Signaler un incident\",\"item\":\"https:\\\/\\\/optimaretail.eu\\\/reportar-una-incidencia\\\/\"},{\"@type\":\"ListItem\",\"position\":3,\"name\":\"Nous avons re\u00e7u votre incident\"}]},{\"@type\":\"WebSite\",\"@id\":\"https:\\\/\\\/optimaretail.eu\\\/#website\",\"url\":\"https:\\\/\\\/optimaretail.eu\\\/\",\"name\":\"Optima Retail\",\"description\":\"Maintenance de d\u00e9tail\",\"publisher\":{\"@id\":\"https:\\\/\\\/optimaretail.eu\\\/#organization\"},\"potentialAction\":[{\"@type\":\"SearchAction\",\"target\":{\"@type\":\"EntryPoint\",\"urlTemplate\":\"https:\\\/\\\/optimaretail.eu\\\/?s={search_term_string}\"},\"query-input\":{\"@type\":\"PropertyValueSpecification\",\"valueRequired\":true,\"valueName\":\"search_term_string\"}}],\"inLanguage\":\"fr-FR\"},{\"@type\":\"Organization\",\"@id\":\"https:\\\/\\\/optimaretail.eu\\\/#organization\",\"name\":\"Optima Retail\",\"url\":\"https:\\\/\\\/optimaretail.eu\\\/\",\"logo\":{\"@type\":\"ImageObject\",\"inLanguage\":\"fr-FR\",\"@id\":\"https:\\\/\\\/optimaretail.eu\\\/#\\\/schema\\\/logo\\\/image\\\/\",\"url\":\"https:\\\/\\\/optimaretail.eu\\\/wp-content\\\/uploads\\\/2025\\\/02\\\/kit-por-defecto.svg\",\"contentUrl\":\"https:\\\/\\\/optimaretail.eu\\\/wp-content\\\/uploads\\\/2025\\\/02\\\/kit-por-defecto.svg\",\"width\":499,\"height\":93,\"caption\":\"Optima Retail\"},\"image\":{\"@id\":\"https:\\\/\\\/optimaretail.eu\\\/#\\\/schema\\\/logo\\\/image\\\/\"},\"sameAs\":[\"https:\\\/\\\/www.facebook.com\\\/people\\\/Optima-Retail-SL\\\/61578005819425\\\/\"]}]}<\/script>\n<!-- \/ Yoast SEO plugin. -->","yoast_head_json":{"title":"Nous avons re\u00e7u votre incident | Optima Retail","robots":{"index":"index","follow":"follow","max-snippet":"max-snippet:-1","max-image-preview":"max-image-preview:large","max-video-preview":"max-video-preview:-1"},"canonical":"https:\/\/optimaretail.eu\/reportar-una-incidencia\/incidencia-recibida\/","og_locale":"fr_FR","og_type":"article","og_title":"Nous avons re\u00e7u votre incident | Optima Retail","og_description":"Incidents Merci pour votre message Nous avons bien re\u00e7u votre notification. Vous recevrez une copie du message que vous nous avez envoy\u00e9 et nous vous r\u00e9pondrons dans les plus brefs d\u00e9lais. Rappelez-vous que vous avez \u00e9galement notret\u00e9l\u00e9phone d\u2019urgence disponible: +34 910 303 144","og_url":"https:\/\/optimaretail.eu\/reportar-una-incidencia\/incidencia-recibida\/","og_site_name":"Optima Retail","article_publisher":"https:\/\/www.facebook.com\/people\/Optima-Retail-SL\/61578005819425\/","article_modified_time":"2025-03-15T19:04:29+00:00","twitter_card":"summary_large_image","schema":{"@context":"https:\/\/schema.org","@graph":[{"@type":"WebPage","@id":"https:\/\/optimaretail.eu\/reportar-una-incidencia\/incidencia-recibida\/","url":"https:\/\/optimaretail.eu\/reportar-una-incidencia\/incidencia-recibida\/","name":"Nous avons re\u00e7u votre incident | Optima Retail","isPartOf":{"@id":"https:\/\/optimaretail.eu\/#website"},"datePublished":"2025-03-10T14:52:31+00:00","dateModified":"2025-03-15T19:04:29+00:00","breadcrumb":{"@id":"https:\/\/optimaretail.eu\/reportar-una-incidencia\/incidencia-recibida\/#breadcrumb"},"inLanguage":"fr-FR","potentialAction":[{"@type":"ReadAction","target":["https:\/\/optimaretail.eu\/reportar-una-incidencia\/incidencia-recibida\/"]}]},{"@type":"BreadcrumbList","@id":"https:\/\/optimaretail.eu\/reportar-una-incidencia\/incidencia-recibida\/#breadcrumb","itemListElement":[{"@type":"ListItem","position":1,"name":"Optima Retail","item":"https:\/\/optimaretail.eu\/"},{"@type":"ListItem","position":2,"name":"Signaler un incident","item":"https:\/\/optimaretail.eu\/reportar-una-incidencia\/"},{"@type":"ListItem","position":3,"name":"Nous avons re\u00e7u votre incident"}]},{"@type":"WebSite","@id":"https:\/\/optimaretail.eu\/#website","url":"https:\/\/optimaretail.eu\/","name":"Optima Retail","description":"Maintenance de d\u00e9tail","publisher":{"@id":"https:\/\/optimaretail.eu\/#organization"},"potentialAction":[{"@type":"SearchAction","target":{"@type":"EntryPoint","urlTemplate":"https:\/\/optimaretail.eu\/?s={search_term_string}"},"query-input":{"@type":"PropertyValueSpecification","valueRequired":true,"valueName":"search_term_string"}}],"inLanguage":"fr-FR"},{"@type":"Organization","@id":"https:\/\/optimaretail.eu\/#organization","name":"Optima Retail","url":"https:\/\/optimaretail.eu\/","logo":{"@type":"ImageObject","inLanguage":"fr-FR","@id":"https:\/\/optimaretail.eu\/#\/schema\/logo\/image\/","url":"https:\/\/optimaretail.eu\/wp-content\/uploads\/2025\/02\/kit-por-defecto.svg","contentUrl":"https:\/\/optimaretail.eu\/wp-content\/uploads\/2025\/02\/kit-por-defecto.svg","width":499,"height":93,"caption":"Optima Retail"},"image":{"@id":"https:\/\/optimaretail.eu\/#\/schema\/logo\/image\/"},"sameAs":["https:\/\/www.facebook.com\/people\/Optima-Retail-SL\/61578005819425\/"]}]}},"_links":{"self":[{"href":"https:\/\/optimaretail.eu\/fr\/wp-json\/wp\/v2\/pages\/7440","targetHints":{"allow":["GET"]}}],"collection":[{"href":"https:\/\/optimaretail.eu\/fr\/wp-json\/wp\/v2\/pages"}],"about":[{"href":"https:\/\/optimaretail.eu\/fr\/wp-json\/wp\/v2\/types\/page"}],"author":[{"embeddable":true,"href":"https:\/\/optimaretail.eu\/fr\/wp-json\/wp\/v2\/users\/5"}],"replies":[{"embeddable":true,"href":"https:\/\/optimaretail.eu\/fr\/wp-json\/wp\/v2\/comments?post=7440"}],"version-history":[{"count":0,"href":"https:\/\/optimaretail.eu\/fr\/wp-json\/wp\/v2\/pages\/7440\/revisions"}],"up":[{"embeddable":true,"href":"https:\/\/optimaretail.eu\/fr\/wp-json\/wp\/v2\/pages\/7285"}],"wp:attachment":[{"href":"https:\/\/optimaretail.eu\/fr\/wp-json\/wp\/v2\/media?parent=7440"}],"curies":[{"name":"wp","href":"https:\/\/api.w.org\/{rel}","templated":true}]}}