{"id":7450,"date":"2025-02-17T20:35:14","date_gmt":"2025-02-17T19:35:14","guid":{"rendered":"https:\/\/optima.yvonnefuertes.com\/termes-et-conditions\/"},"modified":"2025-03-20T10:39:15","modified_gmt":"2025-03-20T09:39:15","slug":"terminos-y-condiciones","status":"publish","type":"page","link":"https:\/\/optimaretail.eu\/fr\/terminos-y-condiciones\/","title":{"rendered":"Termes et conditions"},"content":{"rendered":"\t\t<div data-elementor-type=\"wp-page\" data-elementor-id=\"7450\" class=\"elementor elementor-7450 elementor-382\" data-elementor-post-type=\"page\">\n\t\t\t\t<div class=\"elementor-element elementor-element-e60bf36 e-flex e-con-boxed e-con e-parent\" data-id=\"e60bf36\" data-element_type=\"container\">\n\t\t\t\t\t<div class=\"e-con-inner\">\n\t\t<div class=\"elementor-element elementor-element-8df198c e-con-full e-flex e-con e-child\" data-id=\"8df198c\" data-element_type=\"container\">\n\t\t<div class=\"elementor-element elementor-element-debc9f6 e-con-full e-flex e-con e-child\" data-id=\"debc9f6\" data-element_type=\"container\" data-settings=\"{&quot;background_background&quot;:&quot;classic&quot;,&quot;sticky&quot;:&quot;top&quot;,&quot;sticky_offset&quot;:85,&quot;sticky_on&quot;:[&quot;desktop&quot;,&quot;tablet&quot;],&quot;sticky_effects_offset&quot;:0,&quot;sticky_anchor_link_offset&quot;:0}\">\n\t\t\t\t<div class=\"elementor-element elementor-element-6d07ba7 elementor-widget elementor-widget-table-of-contents\" data-id=\"6d07ba7\" data-element_type=\"widget\" data-settings=\"{&quot;exclude_headings_by_selector&quot;:[],&quot;marker_view&quot;:&quot;bullets&quot;,&quot;no_headings_message&quot;:&quot;No headings were found on this page.&quot;,&quot;headings_by_tags&quot;:[&quot;h2&quot;,&quot;h3&quot;,&quot;h4&quot;,&quot;h5&quot;,&quot;h6&quot;],&quot;icon&quot;:{&quot;value&quot;:&quot;fas fa-circle&quot;,&quot;library&quot;:&quot;fa-solid&quot;,&quot;rendered_tag&quot;:&quot;&lt;svg class=\\&quot;e-font-icon-svg e-fas-circle\\&quot; viewBox=\\&quot;0 0 512 512\\&quot; xmlns=\\&quot;http:\\\/\\\/www.w3.org\\\/2000\\\/svg\\&quot;&gt;&lt;path d=\\&quot;M256 8C119 8 8 119 8 256s111 248 248 248 248-111 248-248S393 8 256 8z\\&quot;&gt;&lt;\\\/path&gt;&lt;\\\/svg&gt;&quot;},&quot;hierarchical_view&quot;:&quot;yes&quot;,&quot;min_height&quot;:{&quot;unit&quot;:&quot;px&quot;,&quot;size&quot;:&quot;&quot;,&quot;sizes&quot;:[]},&quot;min_height_tablet&quot;:{&quot;unit&quot;:&quot;px&quot;,&quot;size&quot;:&quot;&quot;,&quot;sizes&quot;:[]},&quot;min_height_mobile&quot;:{&quot;unit&quot;:&quot;px&quot;,&quot;size&quot;:&quot;&quot;,&quot;sizes&quot;:[]}}\" data-widget_type=\"table-of-contents.default\">\n\t\t\t\t\t\t\t\t\t<div class=\"elementor-toc__header\">\n\t\t\t\t\t\t<div class=\"elementor-toc__header-title\">\n\t\t\t\tTermes et conditions\t\t\t<\/div>\n\t\t\t\t\t\t\t\t<\/div>\n\t\t\t\t<div id=\"elementor-toc__6d07ba7\" class=\"elementor-toc__body\">\n\t\t\t<div class=\"elementor-toc__spinner-container\">\n\t\t\t\t<svg class=\"elementor-toc__spinner eicon-animation-spin e-font-icon-svg e-eicon-loading\" aria-hidden=\"true\" viewBox=\"0 0 1000 1000\" xmlns=\"http:\/\/www.w3.org\/2000\/svg\"><path d=\"M500 975V858C696 858 858 696 858 500S696 142 500 142 142 304 142 500H25C25 237 238 25 500 25S975 237 975 500 763 975 500 975Z\"><\/path><\/svg>\t\t\t<\/div>\n\t\t<\/div>\n\t\t\t\t\t\t<\/div>\n\t\t\t\t<\/div>\n\t\t\t\t<\/div>\n\t\t<div class=\"elementor-element elementor-element-ca95eaf e-con-full e-flex e-con e-child\" data-id=\"ca95eaf\" data-element_type=\"container\">\n\t\t\t\t<div class=\"elementor-element elementor-element-2a6b211 elementor-widget elementor-widget-heading\" data-id=\"2a6b211\" data-element_type=\"widget\" data-widget_type=\"heading.default\">\n\t\t\t\t\t<h1 class=\"elementor-heading-title elementor-size-default\">Termes et conditions<\/h1>\t\t\t\t<\/div>\n\t\t\t\t<div class=\"elementor-element elementor-element-946a0ce elementor-widget elementor-widget-heading\" data-id=\"946a0ce\" data-element_type=\"widget\" data-widget_type=\"heading.default\">\n\t\t\t\t\t<h4 class=\"elementor-heading-title elementor-size-default\">INFORMATIONS IMPORTANTES<\/h4>\t\t\t\t<\/div>\n\t\t\t\t<div class=\"elementor-element elementor-element-79d8138 elementor-widget elementor-widget-text-editor\" data-id=\"79d8138\" data-element_type=\"widget\" data-widget_type=\"text-editor.default\">\n\t\t\t\t\t\t\t\t\t<p>Il est n\u00e9cessaire de lire et d&#8217;accepter les Termes et Conditions ci-dessous pour pouvoir acheter les produits offerts sur ce site. L&#8217;utilisation de nos services ainsi que l&#8217;achat de nos produits implique que vous avez lu et accept\u00e9 les Termes et Conditions d&#8217;Utilisation de ce document. Tous les produits offerts sur notre site web peuvent \u00eatre cr\u00e9\u00e9s, factur\u00e9s, exp\u00e9di\u00e9s ou pr\u00e9sent\u00e9s par un site web tiers et, dans ce cas, seront soumis \u00e0 leurs propres Termes et Conditions. Dans certains cas, pour acqu\u00e9rir un produit, l&#8217;utilisateur devra s&#8217;enregistrer en fournissant des donn\u00e9es personnelles v\u00e9ridiques et en d\u00e9finissant un mot de passe.   <\/p><p>L&#8217;utilisateur peut choisir et modifier le mot de passe pour l&#8217;acc\u00e8s \u00e0 la gestion de son compte \u00e0 tout moment, s&#8217;il s&#8217;est enregistr\u00e9 et que cela est n\u00e9cessaire pour acheter l&#8217;un de nos produits. <a href=\"https:\/\/www.optimaretail.eu\/\" target=\"_blank\" rel=\"noopener\" data-auto-recognition=\"true\">https:\/\/www.optimaretail.eu\/<\/a> n&#8217;assume aucune responsabilit\u00e9 en cas de divulgation de ce mot de passe \u00e0 des tiers.<\/p><p>Toutes les achats et transactions effectu\u00e9s via ce site web sont soumis \u00e0 un processus de confirmation et de v\u00e9rification, qui peut inclure la v\u00e9rification du stock et de la disponibilit\u00e9 du produit, la validation du mode de paiement, la validation de la facture (le cas \u00e9ch\u00e9ant) et le respect des conditions requises par le moyen de paiement s\u00e9lectionn\u00e9. Dans certains cas, une v\u00e9rification par email peut \u00eatre requise. <\/p><p>Les prix des produits offerts dans cette Boutique en Ligne sont valables uniquement pour les achats effectu\u00e9s sur ce site web.<\/p>\t\t\t\t\t\t\t\t<\/div>\n\t\t\t\t<div class=\"elementor-element elementor-element-284f558 elementor-widget elementor-widget-heading\" data-id=\"284f558\" data-element_type=\"widget\" data-widget_type=\"heading.default\">\n\t\t\t\t\t<h4 class=\"elementor-heading-title elementor-size-default\">LICENCE<\/h4>\t\t\t\t<\/div>\n\t\t\t\t<div class=\"elementor-element elementor-element-6f2be87 elementor-widget elementor-widget-text-editor\" data-id=\"6f2be87\" data-element_type=\"widget\" data-widget_type=\"text-editor.default\">\n\t\t\t\t\t\t\t\t\t<p>Optima Retail, \u00e0 travers son site web, accorde une licence aux utilisateurs pour utiliser les produits vendus sur ce site web conform\u00e9ment aux Termes et Conditions d\u00e9crits dans ce document.<\/p><p><strong>UTILISATION NON AUTORIS\u00c9E<\/strong><\/p><p>Le cas \u00e9ch\u00e9ant (pour la vente de logiciels, mod\u00e8les, ou autres produits de conception et de programmation), vous ne pouvez pas placer l&#8217;un de nos produits, modifi\u00e9 ou non modifi\u00e9, sur un CD, un site web ou tout autre support et les offrir pour redistribution ou revente de quelque nature que ce soit.<\/p>\t\t\t\t\t\t\t\t<\/div>\n\t\t\t\t<div class=\"elementor-element elementor-element-46bf4e0 elementor-widget elementor-widget-heading\" data-id=\"46bf4e0\" data-element_type=\"widget\" data-widget_type=\"heading.default\">\n\t\t\t\t\t<h4 class=\"elementor-heading-title elementor-size-default\">PROPRI\u00c9T\u00c9<\/h4>\t\t\t\t<\/div>\n\t\t\t\t<div class=\"elementor-element elementor-element-4e2464c elementor-widget elementor-widget-text-editor\" data-id=\"4e2464c\" data-element_type=\"widget\" data-widget_type=\"text-editor.default\">\n\t\t\t\t\t\t\t\t\t<p>Vous ne pouvez pas revendiquer la propri\u00e9t\u00e9 intellectuelle ou exclusive d&#8217;aucun de nos produits, modifi\u00e9s ou non modifi\u00e9s. Tous les produits sont la propri\u00e9t\u00e9 des fournisseurs de contenu. Sauf indication contraire, nos produits sont fournis sans aucune garantie, expresse ou implicite. En aucun cas cette entreprise ne sera responsable de tout dommage, y compris, mais sans s&#8217;y limiter, les dommages directs, indirects, sp\u00e9ciaux, accidentels ou cons\u00e9cutifs, ou toute autre perte r\u00e9sultant de l&#8217;utilisation ou de l&#8217;incapacit\u00e9 \u00e0 utiliser nos produits.   <\/p>\t\t\t\t\t\t\t\t<\/div>\n\t\t\t\t<div class=\"elementor-element elementor-element-4f76c08 elementor-widget elementor-widget-heading\" data-id=\"4f76c08\" data-element_type=\"widget\" data-widget_type=\"heading.default\">\n\t\t\t\t\t<h4 class=\"elementor-heading-title elementor-size-default\">POLITIQUE DE REMBOURSEMENT ET DE GARANTIE\n\n<\/h4>\t\t\t\t<\/div>\n\t\t\t\t<div class=\"elementor-element elementor-element-09a77a1 elementor-widget elementor-widget-text-editor\" data-id=\"09a77a1\" data-element_type=\"widget\" data-widget_type=\"text-editor.default\">\n\t\t\t\t\t\t\t\t\t<p>Pour les produits qui sont des marchandises non tangibles et irr\u00e9vocables, nous n&#8217;effectuons aucun remboursement apr\u00e8s l&#8217;envoi du produit ; vous avez la responsabilit\u00e9 de comprendre cela avant de l&#8217;acheter. Nous vous demandons de lire attentivement avant d&#8217;effectuer un achat. Nous faisons des exceptions \u00e0 cette r\u00e8gle uniquement lorsque la description ne correspond pas au produit. Certains produits peuvent b\u00e9n\u00e9ficier d&#8217;une garantie et d&#8217;une possibilit\u00e9 de remboursement, mais cela sera sp\u00e9cifi\u00e9 lors de l&#8217;achat du produit. Dans ce cas, la garantie ne couvrira que les d\u00e9fauts de fabrication et ne sera effective que si le produit a \u00e9t\u00e9 utilis\u00e9 correctement. La garantie ne couvre pas les pannes ou les dommages caus\u00e9s par une mauvaise utilisation. Les termes de la garantie sont associ\u00e9s aux d\u00e9fauts de fabrication et de fonctionnement dans des conditions normales des produits et seront uniquement appliqu\u00e9s si l&#8217;\u00e9quipement a \u00e9t\u00e9 utilis\u00e9 correctement.      <\/p><p>Cela inclut :<\/p><ul><li>Conform\u00e9ment aux sp\u00e9cifications techniques indiqu\u00e9es pour chaque produit.<\/li><li>Dans des conditions environnementales conformes aux sp\u00e9cifications indiqu\u00e9es par le fabricant.<\/li><li>Pour une utilisation sp\u00e9cifique \u00e0 la fonction pour laquelle il a \u00e9t\u00e9 con\u00e7u en usine.<\/li><li>Dans des conditions de fonctionnement \u00e9lectrique conformes aux sp\u00e9cifications et tol\u00e9rances indiqu\u00e9es.<\/li><\/ul>\t\t\t\t\t\t\t\t<\/div>\n\t\t\t\t<div class=\"elementor-element elementor-element-f44bfb6 elementor-widget elementor-widget-heading\" data-id=\"f44bfb6\" data-element_type=\"widget\" data-widget_type=\"heading.default\">\n\t\t\t\t\t<h4 class=\"elementor-heading-title elementor-size-default\">V\u00c9RIFICATION ANTI-FRAUDE\n\n<\/h4>\t\t\t\t<\/div>\n\t\t\t\t<div class=\"elementor-element elementor-element-5f12534 elementor-widget elementor-widget-text-editor\" data-id=\"5f12534\" data-element_type=\"widget\" data-widget_type=\"text-editor.default\">\n\t\t\t\t\t\t\t\t\t<p class=\"font_7 wixui-rich-text__text\">L&#8217;achat du client peut \u00eatre retard\u00e9 pour une v\u00e9rification anti-fraude. Il peut \u00e9galement \u00eatre suspendu plus longtemps pour une enqu\u00eate plus rigoureuse afin d&#8217;\u00e9viter les transactions frauduleuses. <\/p>\t\t\t\t\t\t\t\t<\/div>\n\t\t\t\t<div class=\"elementor-element elementor-element-19701f6 elementor-widget elementor-widget-heading\" data-id=\"19701f6\" data-element_type=\"widget\" data-widget_type=\"heading.default\">\n\t\t\t\t\t<h4 class=\"elementor-heading-title elementor-size-default\">CONFIDENTIALIT\u00c9\n\n<\/h4>\t\t\t\t<\/div>\n\t\t\t\t<div class=\"elementor-element elementor-element-e110674 elementor-widget elementor-widget-text-editor\" data-id=\"e110674\" data-element_type=\"widget\" data-widget_type=\"text-editor.default\">\n\t\t\t\t\t\t\t\t\t<p><a href=\"https:\/\/www.optimaretail.eu\/\" target=\"_blank\" rel=\"noopener\" data-auto-recognition=\"true\">https:\/\/www.optimaretail.eu\/<\/a> garantit que les informations personnelles que vous soumettez sont s\u00e9curis\u00e9es. Les donn\u00e9es saisies par l&#8217;utilisateur ou dans le cas o\u00f9 une validation de commande est requise ne seront pas divulgu\u00e9es \u00e0 des tiers, sauf si elles doivent \u00eatre divulgu\u00e9es en conformit\u00e9 avec une d\u00e9cision de justice ou des exigences l\u00e9gales. <\/p><p>L&#8217;abonnement aux bulletins d&#8217;information publicitaires par e-mail est volontaire et peut \u00eatre s\u00e9lectionn\u00e9 lors de la cr\u00e9ation de votre compte.<\/p><p>Optima Retail se r\u00e9serve le droit de modifier ces termes sans pr\u00e9avis.<\/p>\t\t\t\t\t\t\t\t<\/div>\n\t\t\t\t<div class=\"elementor-element elementor-element-900daad elementor-widget elementor-widget-text-editor\" data-id=\"900daad\" data-element_type=\"widget\" data-widget_type=\"text-editor.default\">\n\t\t\t\t\t\t\t\t\t<p>A Barcelone, 09\/08\/2023.<\/p>\t\t\t\t\t\t\t\t<\/div>\n\t\t\t\t<\/div>\n\t\t\t\t\t<\/div>\n\t\t\t\t<\/div>\n\t\t\t\t<\/div>\n\t\t","protected":false},"excerpt":{"rendered":"<p>INFORMATIONS IMPORTANTES Il est n\u00e9cessaire de lire et d&#8217;accepter les Termes et Conditions ci-dessous pour pouvoir acheter les produits offerts sur ce site. L&#8217;utilisation de nos services ainsi que l&#8217;achat de nos produits implique que vous avez lu et accept\u00e9 les Termes et Conditions d&#8217;Utilisation de ce document. Tous les produits offerts sur notre site [&hellip;]<\/p>\n","protected":false},"author":5,"featured_media":0,"parent":0,"menu_order":0,"comment_status":"closed","ping_status":"closed","template":"","meta":{"_acf_changed":false,"rop_custom_images_group":[],"rop_custom_messages_group":[],"rop_publish_now":"initial","rop_publish_now_accounts":{"facebook_122097394580933375_751730124684203":""},"rop_publish_now_history":[],"rop_publish_now_status":"pending","footnotes":""},"class_list":["post-7450","page","type-page","status-publish","hentry"],"acf":[],"_links":{"self":[{"href":"https:\/\/optimaretail.eu\/fr\/wp-json\/wp\/v2\/pages\/7450","targetHints":{"allow":["GET"]}}],"collection":[{"href":"https:\/\/optimaretail.eu\/fr\/wp-json\/wp\/v2\/pages"}],"about":[{"href":"https:\/\/optimaretail.eu\/fr\/wp-json\/wp\/v2\/types\/page"}],"author":[{"embeddable":true,"href":"https:\/\/optimaretail.eu\/fr\/wp-json\/wp\/v2\/users\/5"}],"replies":[{"embeddable":true,"href":"https:\/\/optimaretail.eu\/fr\/wp-json\/wp\/v2\/comments?post=7450"}],"version-history":[{"count":1,"href":"https:\/\/optimaretail.eu\/fr\/wp-json\/wp\/v2\/pages\/7450\/revisions"}],"predecessor-version":[{"id":9192,"href":"https:\/\/optimaretail.eu\/fr\/wp-json\/wp\/v2\/pages\/7450\/revisions\/9192"}],"wp:attachment":[{"href":"https:\/\/optimaretail.eu\/fr\/wp-json\/wp\/v2\/media?parent=7450"}],"curies":[{"name":"wp","href":"https:\/\/api.w.org\/{rel}","templated":true}]}}