{"id":10876,"date":"2025-06-25T16:46:54","date_gmt":"2025-06-25T14:46:54","guid":{"rendered":"https:\/\/optimaretail.eu\/informativa-sulla-privacy\/"},"modified":"2026-03-10T11:41:09","modified_gmt":"2026-03-10T10:41:09","slug":"informativa-sulla-privacy","status":"publish","type":"page","link":"https:\/\/optimaretail.eu\/it\/informativa-sulla-privacy\/","title":{"rendered":"Informativa sulla privacy"},"content":{"rendered":"\t\t<div data-elementor-type=\"wp-page\" data-elementor-id=\"10876\" class=\"elementor elementor-10876 elementor-10863\" data-elementor-post-type=\"page\">\n\t\t\t\t<div class=\"elementor-element elementor-element-1f23610c e-flex e-con-boxed e-con e-parent\" data-id=\"1f23610c\" data-element_type=\"container\">\n\t\t\t\t\t<div class=\"e-con-inner\">\n\t\t\t\t<div class=\"elementor-element elementor-element-77c3f156 elementor-widget elementor-widget-text-editor\" data-id=\"77c3f156\" data-element_type=\"widget\" data-widget_type=\"text-editor.default\">\n\t\t\t\t\t\t\t\t\t<p><strong>Ultimo aggiornamento:<\/strong> 25\/06\/2025<\/p><p><strong>OPTIMARETAIL S.L.<\/strong> (di seguito, <strong>&#8220;OPTIMARETAIL&#8221;),<\/strong> con indirizzo all&#8217;indirizzo [indicare l&#8217;indirizzo completo] e proprietario del <strong><a href=\"https:\/\/www.optimaretail.eu\/\" target=\"_blank\" rel=\"noreferrer noopener\">sito web www.optimaretail.eu<\/a><\/strong>, ci impegniamo a proteggere la privacy e i dati personali dei nostri utenti, clienti e visitatori, in conformit\u00e0 con la legislazione applicabile, in particolare il <strong>Regolamento generale sulla protezione dei dati dell&#8217;UE (GDPR)<\/strong> e il <strong>Legge organica 3\/2018 sulla protezione dei dati personali e la garanzia dei diritti digitali (LOPDGDD).<\/strong><\/p><h2 class=\"wp-block-heading\"><strong>1. Titolare del trattamento<\/strong><\/h2><p>Il responsabile del trattamento dei dati personali raccolti attraverso questo sito web \u00e8:<\/p><ul class=\"wp-block-list\"><li><strong>Nome\/Nome dell&#8217;azienda:<\/strong> OPTIMARETAIL S.L.<\/li><li><strong>Sede legale:<\/strong> Carrer de la Volta dels Garrofers, 54, 08340 Vilassar de Mar, Barcellona<\/li><li><strong>CIF\/NIF:<\/strong> B66409087<\/li><li><strong>E-mail di contatto:<\/strong> info@optimaretail.es<\/li><li><strong>Numero di telefono di contatto:<\/strong> <a href=\"tel:0034910303144\">(+34) 910 30 31 44<\/a><\/li><\/ul><h2 class=\"wp-block-heading\"><strong>2. Finalit\u00e0 del trattamento dei dati<\/strong><\/h2><p>I dati personali forniti attraverso moduli, registrazioni, e-mail o qualsiasi altro mezzo in <strong><a href=\"https:\/\/www.optimaretail.eu\/\" target=\"_blank\" rel=\"noreferrer noopener\">www.optimaretail.eu<\/a><\/strong> saranno trattati per le seguenti finalit\u00e0:<\/p><ul class=\"wp-block-list\"><li>Gestisci domande, richieste o reclami.<\/li><li>Fornire servizi a contratto.<\/li><li>Invio di comunicazioni commerciali (se l&#8217;utente ha dato il proprio consenso).<\/li><li>Rispettare gli obblighi di legge.<\/li><li>Migliora l&#8217;esperienza utente e analizza il traffico web.<\/li><\/ul><h2 class=\"wp-block-heading\"><strong>3. Legittimit\u00e0 del trattamento<\/strong><\/h2><p>La base giuridica del trattamento dei dati pu\u00f2 essere:<\/p><ul class=\"wp-block-list\"><li><strong>Consenso dell&#8217;interessato<\/strong> (per l&#8217;invio di newsletter o comunicazioni commerciali).<\/li><li><strong>Esecuzione di un contratto<\/strong> (per la fornitura di servizi).<\/li><li><strong>Rispetto degli obblighi di legge.<\/strong><\/li><li><strong>Interesse legittimo del titolare del trattamento<\/strong> (per la sicurezza e il miglioramento del sito web).<\/li><\/ul><h2 class=\"wp-block-heading\"><strong>4. Destinatari dei dati<\/strong><\/h2><p>I dati non saranno ceduti a terzi, ad eccezione di:<\/p><ul class=\"wp-block-list\"><li>Fornitori di servizi necessari al funzionamento del sito (hosting, email marketing, ecc.), che agiranno in qualit\u00e0 di <strong>Responsabili del trattamento<\/strong> in base a contratto.<\/li><li>Obblighi di legge (autorit\u00e0 competenti).<\/li><\/ul><p>Non vengono effettuati trasferimenti internazionali di dati al di fuori dell&#8217;UE, ad eccezione di adeguate garanzie.<\/p><h2 class=\"wp-block-heading\"><strong>5. Diritti degli utenti<\/strong><\/h2><p>L&#8217;utente pu\u00f2 esercitare i propri diritti nei confronti di OPTIMARETAIL:<\/p><ul class=\"wp-block-list\"><li><strong>Accesso, rettifica o cancellazione<\/strong> dei tuoi dati.<\/li><li><strong>Limitazione o opposizione<\/strong> al trattamento.<\/li><li><strong>Portabilit\u00e0 dei dati<\/strong> .<\/li><li><strong>Revoca il consenso<\/strong> in qualsiasi momento.<\/li><\/ul><p>Per esercitare tali diritti, l&#8217;interessato dovr\u00e0 inviare una richiesta scritta all&#8217;indirizzo indicato o [email de protecci\u00f3n de datos] a mezzo posta, accompagnata da copia della carta d&#8217;identit\u00e0 o del documento di riconoscimento.<\/p><p>Se non sei soddisfatto del trattamento dei tuoi dati, puoi presentare un reclamo <strong>all&#8217;Agenzia spagnola per la protezione dei dati (AEPD).<\/strong><\/p><h2 class=\"wp-block-heading\"><strong>6. Conservazione dei dati<\/strong><\/h2><p>I dati personali saranno conservati per tutto il tempo necessario alle finalit\u00e0 indicate e, in ogni caso, per i periodi di legge applicabili.<\/p><h2 class=\"wp-block-heading\"><strong>7. Sicurezza dei dati<\/strong><\/h2><p>OPTIMARETAIL implementa misure tecniche e organizzative per garantire la sicurezza dei dati personali e prevenirne l&#8217;alterazione, la perdita o l&#8217;accesso non autorizzato.<\/p><h2 class=\"wp-block-heading\"><strong>8. Modifiche all&#8217;Informativa<\/strong><\/h2><p>La presente Informativa sulla privacy pu\u00f2 essere aggiornata per adattarsi a modifiche normative o operative. Si consiglia di controllarlo periodicamente.<\/p>\t\t\t\t\t\t\t\t<\/div>\n\t\t\t\t\t<\/div>\n\t\t\t\t<\/div>\n\t\t\t\t<\/div>\n\t\t","protected":false},"excerpt":{"rendered":"<p>Ultimo aggiornamento: 25\/06\/2025 OPTIMARETAIL S.L. (di seguito, &#8220;OPTIMARETAIL&#8221;), con indirizzo all&#8217;indirizzo [indicare l&#8217;indirizzo completo] e proprietario del sito web www.optimaretail.eu, ci impegniamo a proteggere la privacy e i dati personali dei nostri utenti, clienti e visitatori, in conformit\u00e0 con la legislazione applicabile, in particolare il Regolamento generale sulla protezione dei dati dell&#8217;UE (GDPR) e il [&hellip;]<\/p>\n","protected":false},"author":5,"featured_media":0,"parent":0,"menu_order":0,"comment_status":"closed","ping_status":"closed","template":"","meta":{"_acf_changed":false,"rop_custom_images_group":[],"rop_custom_messages_group":[],"rop_publish_now":"initial","rop_publish_now_accounts":{"facebook_122097394580933375_751730124684203":""},"rop_publish_now_history":[],"rop_publish_now_status":"pending","footnotes":""},"class_list":["post-10876","page","type-page","status-publish","hentry"],"acf":[],"yoast_head":"<!-- This site is optimized with the Yoast SEO plugin v27.3 - https:\/\/yoast.com\/product\/yoast-seo-wordpress\/ -->\n<title>Informativa sulla privacy | Optima Retail<\/title>\n<meta name=\"robots\" content=\"noindex, follow\" \/>\n<meta property=\"og:locale\" content=\"it_IT\" \/>\n<meta property=\"og:type\" content=\"article\" \/>\n<meta property=\"og:title\" content=\"Informativa sulla privacy | Optima Retail\" \/>\n<meta property=\"og:description\" content=\"Ultimo aggiornamento: 25\/06\/2025 OPTIMARETAIL S.L. (di seguito, &#8220;OPTIMARETAIL&#8221;), con indirizzo all&#8217;indirizzo [indicare l&#8217;indirizzo completo] e proprietario del sito web www.optimaretail.eu, ci impegniamo a proteggere la privacy e i dati personali dei nostri utenti, clienti e visitatori, in conformit\u00e0 con la legislazione applicabile, in particolare il Regolamento generale sulla protezione dei dati dell&#8217;UE (GDPR) e il [&hellip;]\" \/>\n<meta property=\"og:url\" content=\"https:\/\/optimaretail.eu\/it\/informativa-sulla-privacy\/\" \/>\n<meta property=\"og:site_name\" content=\"Optima Retail\" \/>\n<meta property=\"article:publisher\" content=\"https:\/\/www.facebook.com\/people\/Optima-Retail-SL\/61578005819425\/\" \/>\n<meta property=\"article:modified_time\" content=\"2026-03-10T10:41:09+00:00\" \/>\n<meta name=\"twitter:card\" content=\"summary_large_image\" \/>\n<meta name=\"twitter:label1\" content=\"Est. reading time\" \/>\n\t<meta name=\"twitter:data1\" content=\"2 minutes\" \/>\n<script type=\"application\/ld+json\" class=\"yoast-schema-graph\">{\"@context\":\"https:\\\/\\\/schema.org\",\"@graph\":[{\"@type\":\"WebPage\",\"@id\":\"https:\\\/\\\/optimaretail.eu\\\/it\\\/informativa-sulla-privacy\\\/\",\"url\":\"https:\\\/\\\/optimaretail.eu\\\/it\\\/informativa-sulla-privacy\\\/\",\"name\":\"Informativa sulla privacy | Optima Retail\",\"isPartOf\":{\"@id\":\"https:\\\/\\\/optimaretail.eu\\\/it\\\/#website\"},\"datePublished\":\"2025-06-25T14:46:54+00:00\",\"dateModified\":\"2026-03-10T10:41:09+00:00\",\"breadcrumb\":{\"@id\":\"https:\\\/\\\/optimaretail.eu\\\/it\\\/informativa-sulla-privacy\\\/#breadcrumb\"},\"inLanguage\":\"it-IT\",\"potentialAction\":[{\"@type\":\"ReadAction\",\"target\":[\"https:\\\/\\\/optimaretail.eu\\\/it\\\/informativa-sulla-privacy\\\/\"]}]},{\"@type\":\"BreadcrumbList\",\"@id\":\"https:\\\/\\\/optimaretail.eu\\\/it\\\/informativa-sulla-privacy\\\/#breadcrumb\",\"itemListElement\":[{\"@type\":\"ListItem\",\"position\":1,\"name\":\"Optima Retail\",\"item\":\"https:\\\/\\\/optimaretail.eu\\\/it\\\/\"},{\"@type\":\"ListItem\",\"position\":2,\"name\":\"Informativa sulla privacy\"}]},{\"@type\":\"WebSite\",\"@id\":\"https:\\\/\\\/optimaretail.eu\\\/it\\\/#website\",\"url\":\"https:\\\/\\\/optimaretail.eu\\\/it\\\/\",\"name\":\"Optima Retail\",\"description\":\"Manutenzione al dettaglio\",\"publisher\":{\"@id\":\"https:\\\/\\\/optimaretail.eu\\\/it\\\/#organization\"},\"potentialAction\":[{\"@type\":\"SearchAction\",\"target\":{\"@type\":\"EntryPoint\",\"urlTemplate\":\"https:\\\/\\\/optimaretail.eu\\\/it\\\/?s={search_term_string}\"},\"query-input\":{\"@type\":\"PropertyValueSpecification\",\"valueRequired\":true,\"valueName\":\"search_term_string\"}}],\"inLanguage\":\"it-IT\"},{\"@type\":\"Organization\",\"@id\":\"https:\\\/\\\/optimaretail.eu\\\/it\\\/#organization\",\"name\":\"Optima Retail\",\"url\":\"https:\\\/\\\/optimaretail.eu\\\/it\\\/\",\"logo\":{\"@type\":\"ImageObject\",\"inLanguage\":\"it-IT\",\"@id\":\"https:\\\/\\\/optimaretail.eu\\\/it\\\/#\\\/schema\\\/logo\\\/image\\\/\",\"url\":\"https:\\\/\\\/optimaretail.eu\\\/wp-content\\\/uploads\\\/2025\\\/02\\\/kit-por-defecto.svg\",\"contentUrl\":\"https:\\\/\\\/optimaretail.eu\\\/wp-content\\\/uploads\\\/2025\\\/02\\\/kit-por-defecto.svg\",\"width\":499,\"height\":93,\"caption\":\"Optima Retail\"},\"image\":{\"@id\":\"https:\\\/\\\/optimaretail.eu\\\/it\\\/#\\\/schema\\\/logo\\\/image\\\/\"},\"sameAs\":[\"https:\\\/\\\/www.facebook.com\\\/people\\\/Optima-Retail-SL\\\/61578005819425\\\/\"]}]}<\/script>\n<!-- \/ Yoast SEO plugin. -->","yoast_head_json":{"title":"Informativa sulla privacy | Optima Retail","robots":{"index":"noindex","follow":"follow"},"og_locale":"it_IT","og_type":"article","og_title":"Informativa sulla privacy | Optima Retail","og_description":"Ultimo aggiornamento: 25\/06\/2025 OPTIMARETAIL S.L. (di seguito, &#8220;OPTIMARETAIL&#8221;), con indirizzo all&#8217;indirizzo [indicare l&#8217;indirizzo completo] e proprietario del sito web www.optimaretail.eu, ci impegniamo a proteggere la privacy e i dati personali dei nostri utenti, clienti e visitatori, in conformit\u00e0 con la legislazione applicabile, in particolare il Regolamento generale sulla protezione dei dati dell&#8217;UE (GDPR) e il [&hellip;]","og_url":"https:\/\/optimaretail.eu\/it\/informativa-sulla-privacy\/","og_site_name":"Optima Retail","article_publisher":"https:\/\/www.facebook.com\/people\/Optima-Retail-SL\/61578005819425\/","article_modified_time":"2026-03-10T10:41:09+00:00","twitter_card":"summary_large_image","twitter_misc":{"Est. reading time":"2 minutes"},"schema":{"@context":"https:\/\/schema.org","@graph":[{"@type":"WebPage","@id":"https:\/\/optimaretail.eu\/it\/informativa-sulla-privacy\/","url":"https:\/\/optimaretail.eu\/it\/informativa-sulla-privacy\/","name":"Informativa sulla privacy | Optima Retail","isPartOf":{"@id":"https:\/\/optimaretail.eu\/it\/#website"},"datePublished":"2025-06-25T14:46:54+00:00","dateModified":"2026-03-10T10:41:09+00:00","breadcrumb":{"@id":"https:\/\/optimaretail.eu\/it\/informativa-sulla-privacy\/#breadcrumb"},"inLanguage":"it-IT","potentialAction":[{"@type":"ReadAction","target":["https:\/\/optimaretail.eu\/it\/informativa-sulla-privacy\/"]}]},{"@type":"BreadcrumbList","@id":"https:\/\/optimaretail.eu\/it\/informativa-sulla-privacy\/#breadcrumb","itemListElement":[{"@type":"ListItem","position":1,"name":"Optima Retail","item":"https:\/\/optimaretail.eu\/it\/"},{"@type":"ListItem","position":2,"name":"Informativa sulla privacy"}]},{"@type":"WebSite","@id":"https:\/\/optimaretail.eu\/it\/#website","url":"https:\/\/optimaretail.eu\/it\/","name":"Optima Retail","description":"Manutenzione al dettaglio","publisher":{"@id":"https:\/\/optimaretail.eu\/it\/#organization"},"potentialAction":[{"@type":"SearchAction","target":{"@type":"EntryPoint","urlTemplate":"https:\/\/optimaretail.eu\/it\/?s={search_term_string}"},"query-input":{"@type":"PropertyValueSpecification","valueRequired":true,"valueName":"search_term_string"}}],"inLanguage":"it-IT"},{"@type":"Organization","@id":"https:\/\/optimaretail.eu\/it\/#organization","name":"Optima Retail","url":"https:\/\/optimaretail.eu\/it\/","logo":{"@type":"ImageObject","inLanguage":"it-IT","@id":"https:\/\/optimaretail.eu\/it\/#\/schema\/logo\/image\/","url":"https:\/\/optimaretail.eu\/wp-content\/uploads\/2025\/02\/kit-por-defecto.svg","contentUrl":"https:\/\/optimaretail.eu\/wp-content\/uploads\/2025\/02\/kit-por-defecto.svg","width":499,"height":93,"caption":"Optima Retail"},"image":{"@id":"https:\/\/optimaretail.eu\/it\/#\/schema\/logo\/image\/"},"sameAs":["https:\/\/www.facebook.com\/people\/Optima-Retail-SL\/61578005819425\/"]}]}},"_links":{"self":[{"href":"https:\/\/optimaretail.eu\/it\/wp-json\/wp\/v2\/pages\/10876","targetHints":{"allow":["GET"]}}],"collection":[{"href":"https:\/\/optimaretail.eu\/it\/wp-json\/wp\/v2\/pages"}],"about":[{"href":"https:\/\/optimaretail.eu\/it\/wp-json\/wp\/v2\/types\/page"}],"author":[{"embeddable":true,"href":"https:\/\/optimaretail.eu\/it\/wp-json\/wp\/v2\/users\/5"}],"replies":[{"embeddable":true,"href":"https:\/\/optimaretail.eu\/it\/wp-json\/wp\/v2\/comments?post=10876"}],"version-history":[{"count":4,"href":"https:\/\/optimaretail.eu\/it\/wp-json\/wp\/v2\/pages\/10876\/revisions"}],"predecessor-version":[{"id":11544,"href":"https:\/\/optimaretail.eu\/it\/wp-json\/wp\/v2\/pages\/10876\/revisions\/11544"}],"wp:attachment":[{"href":"https:\/\/optimaretail.eu\/it\/wp-json\/wp\/v2\/media?parent=10876"}],"curies":[{"name":"wp","href":"https:\/\/api.w.org\/{rel}","templated":true}]}}