{"id":7278,"date":"2025-02-05T18:09:07","date_gmt":"2025-02-05T17:09:07","guid":{"rendered":"https:\/\/optima.yvonnefuertes.com\/fondazione-optima-retail\/"},"modified":"2025-03-20T10:40:37","modified_gmt":"2025-03-20T09:40:37","slug":"rsc","status":"publish","type":"page","link":"https:\/\/optimaretail.eu\/it\/rsc\/","title":{"rendered":"Fondazione Optima Retail"},"content":{"rendered":"\t\t<div data-elementor-type=\"wp-page\" data-elementor-id=\"7278\" class=\"elementor elementor-7278 elementor-76\" data-elementor-post-type=\"page\">\n\t\t\t\t<div class=\"elementor-element elementor-element-0b43038 e-flex e-con-boxed e-con e-parent\" data-id=\"0b43038\" data-element_type=\"container\" data-e-type=\"container\">\n\t\t\t\t\t<div class=\"e-con-inner\">\n\t\t<div class=\"elementor-element elementor-element-15e87b3 e-con-full e-flex e-con e-child\" data-id=\"15e87b3\" data-element_type=\"container\" data-e-type=\"container\" data-settings=\"{&quot;background_background&quot;:&quot;classic&quot;}\">\n\t\t\t\t<\/div>\n\t\t<div class=\"elementor-element elementor-element-aa39956 e-con-full e-flex e-con e-child\" data-id=\"aa39956\" data-element_type=\"container\" data-e-type=\"container\">\n\t\t\t\t<div class=\"elementor-element elementor-element-2fc6a25 elementor-widget elementor-widget-image\" data-id=\"2fc6a25\" data-element_type=\"widget\" data-e-type=\"widget\" data-widget_type=\"image.default\">\n\t\t\t\t\t\t\t\t\t\t\t\t\t\t\t\t<a href=\"https:\/\/www.fundaciooptimaretail.com\/es\" target=\"_blank\">\n\t\t\t\t\t\t\t<img fetchpriority=\"high\" decoding=\"async\" width=\"791\" height=\"194\" src=\"https:\/\/optimaretail.eu\/wp-content\/uploads\/2025\/03\/fondazione-optima-retail.svg\" class=\"attachment-large size-large wp-image-4842\" alt=\"Fondation Optima Retail\" \/>\t\t\t\t\t\t\t\t<\/a>\n\t\t\t\t\t\t\t\t\t\t\t\t\t\t\t<\/div>\n\t\t\t\t<div class=\"elementor-element elementor-element-a94dd22 elementor-widget elementor-widget-heading\" data-id=\"a94dd22\" data-element_type=\"widget\" data-e-type=\"widget\" data-widget_type=\"heading.default\">\n\t\t\t\t\t<h2 class=\"elementor-heading-title elementor-size-default\">Share love,\njoy and kindness<\/h2>\t\t\t\t<\/div>\n\t\t\t\t<div class=\"elementor-element elementor-element-5aa5c8b elementor-widget elementor-widget-text-editor\" data-id=\"5aa5c8b\" data-element_type=\"widget\" data-e-type=\"widget\" data-widget_type=\"text-editor.default\">\n\t\t\t\t\t\t\t\t\t<p>Con un focus sul promuovere lo sviluppo integrale e creare un cambiamento positivo, la Fondazione Optima Retail si erge come un punto di speranza per i membri pi\u00f9 giovani della nostra comunit\u00e0.<\/p><p>Ci concentriamo nel fornire supporto, risorse e assistenza ai bambini che ne hanno pi\u00f9 bisogno. <strong>Il nostro obiettivo \u00e8 chiaro: lavorare instancabilmente per offrire loro un&#8217;infanzia ricca di opportunit\u00e0 e speranza.<\/strong><\/p><p>Nella nostra missione, affrontiamo diversi aspetti vitali come lo sviluppo cognitivo, sociale e il benessere emotivo. Ogni azione che intraprendiamo \u00e8 destinata a promuovere lo sviluppo integrale di ogni bambino. <\/p>\t\t\t\t\t\t\t\t<\/div>\n\t\t\t\t<div class=\"elementor-element elementor-element-3b79474 elementor-widget elementor-widget-button\" data-id=\"3b79474\" data-element_type=\"widget\" data-e-type=\"widget\" data-widget_type=\"button.default\">\n\t\t\t\t\t\t\t\t\t\t<a class=\"elementor-button elementor-button-link elementor-size-sm\" href=\"https:\/\/www.fundaciooptimaretail.com\/es\" target=\"_blank\">\n\t\t\t\t\t\t<span class=\"elementor-button-content-wrapper\">\n\t\t\t\t\t\t\t\t\t<span class=\"elementor-button-text\">Per saperne di pi\u00fa<\/span>\n\t\t\t\t\t<\/span>\n\t\t\t\t\t<\/a>\n\t\t\t\t\t\t\t\t<\/div>\n\t\t\t\t<\/div>\n\t\t\t\t\t<\/div>\n\t\t\t\t<\/div>\n\t\t\t\t<\/div>\n\t\t","protected":false},"excerpt":{"rendered":"<p>Share love, joy and kindness Con un focus sul promuovere lo sviluppo integrale e creare un cambiamento positivo, la Fondazione Optima Retail si erge come un punto di speranza per i membri pi\u00f9 giovani della nostra comunit\u00e0. Ci concentriamo nel fornire supporto, risorse e assistenza ai bambini che ne hanno pi\u00f9 bisogno. Il nostro obiettivo [&hellip;]<\/p>\n","protected":false},"author":5,"featured_media":0,"parent":0,"menu_order":0,"comment_status":"closed","ping_status":"closed","template":"","meta":{"_acf_changed":false,"rop_custom_images_group":[],"rop_custom_messages_group":[],"rop_publish_now":"initial","rop_publish_now_accounts":{"facebook_122097394580933375_751730124684203":""},"rop_publish_now_history":[],"rop_publish_now_status":"pending","footnotes":""},"class_list":["post-7278","page","type-page","status-publish","hentry"],"acf":[],"yoast_head":"<!-- This site is optimized with the Yoast SEO plugin v27.3 - https:\/\/yoast.com\/product\/yoast-seo-wordpress\/ -->\n<title>Fondazione Optima Retail | Optima Retail<\/title>\n<meta name=\"robots\" content=\"index, follow, max-snippet:-1, max-image-preview:large, max-video-preview:-1\" \/>\n<link rel=\"canonical\" href=\"https:\/\/optimaretail.eu\/it\/rsc\/\" \/>\n<meta property=\"og:locale\" content=\"it_IT\" \/>\n<meta property=\"og:type\" content=\"article\" \/>\n<meta property=\"og:title\" content=\"Fondazione Optima Retail | Optima Retail\" \/>\n<meta property=\"og:description\" content=\"Share love, joy and kindness Con un focus sul promuovere lo sviluppo integrale e creare un cambiamento positivo, la Fondazione Optima Retail si erge come un punto di speranza per i membri pi\u00f9 giovani della nostra comunit\u00e0. Ci concentriamo nel fornire supporto, risorse e assistenza ai bambini che ne hanno pi\u00f9 bisogno. Il nostro obiettivo [&hellip;]\" \/>\n<meta property=\"og:url\" content=\"https:\/\/optimaretail.eu\/it\/rsc\/\" \/>\n<meta property=\"og:site_name\" content=\"Optima Retail\" \/>\n<meta property=\"article:publisher\" content=\"https:\/\/www.facebook.com\/people\/Optima-Retail-SL\/61578005819425\/\" \/>\n<meta property=\"article:modified_time\" content=\"2025-03-20T09:40:37+00:00\" \/>\n<meta name=\"twitter:card\" content=\"summary_large_image\" \/>\n<meta name=\"twitter:label1\" content=\"Est. reading time\" \/>\n\t<meta name=\"twitter:data1\" content=\"1 minute\" \/>\n<script type=\"application\/ld+json\" class=\"yoast-schema-graph\">{\"@context\":\"https:\\\/\\\/schema.org\",\"@graph\":[{\"@type\":\"WebPage\",\"@id\":\"https:\\\/\\\/optimaretail.eu\\\/it\\\/rsc\\\/\",\"url\":\"https:\\\/\\\/optimaretail.eu\\\/it\\\/rsc\\\/\",\"name\":\"Fondazione Optima Retail | Optima Retail\",\"isPartOf\":{\"@id\":\"https:\\\/\\\/optimaretail.eu\\\/it\\\/#website\"},\"primaryImageOfPage\":{\"@id\":\"https:\\\/\\\/optimaretail.eu\\\/it\\\/rsc\\\/#primaryimage\"},\"image\":{\"@id\":\"https:\\\/\\\/optimaretail.eu\\\/it\\\/rsc\\\/#primaryimage\"},\"thumbnailUrl\":\"https:\\\/\\\/optimaretail.eu\\\/wp-content\\\/uploads\\\/2025\\\/03\\\/fondazione-optima-retail.svg\",\"datePublished\":\"2025-02-05T17:09:07+00:00\",\"dateModified\":\"2025-03-20T09:40:37+00:00\",\"breadcrumb\":{\"@id\":\"https:\\\/\\\/optimaretail.eu\\\/it\\\/rsc\\\/#breadcrumb\"},\"inLanguage\":\"it-IT\",\"potentialAction\":[{\"@type\":\"ReadAction\",\"target\":[\"https:\\\/\\\/optimaretail.eu\\\/it\\\/rsc\\\/\"]}]},{\"@type\":\"ImageObject\",\"inLanguage\":\"it-IT\",\"@id\":\"https:\\\/\\\/optimaretail.eu\\\/it\\\/rsc\\\/#primaryimage\",\"url\":\"https:\\\/\\\/optimaretail.eu\\\/wp-content\\\/uploads\\\/2025\\\/03\\\/fondazione-optima-retail.svg\",\"contentUrl\":\"https:\\\/\\\/optimaretail.eu\\\/wp-content\\\/uploads\\\/2025\\\/03\\\/fondazione-optima-retail.svg\"},{\"@type\":\"BreadcrumbList\",\"@id\":\"https:\\\/\\\/optimaretail.eu\\\/it\\\/rsc\\\/#breadcrumb\",\"itemListElement\":[{\"@type\":\"ListItem\",\"position\":1,\"name\":\"Optima Retail\",\"item\":\"https:\\\/\\\/optimaretail.eu\\\/it\\\/\"},{\"@type\":\"ListItem\",\"position\":2,\"name\":\"Fondazione Optima Retail\"}]},{\"@type\":\"WebSite\",\"@id\":\"https:\\\/\\\/optimaretail.eu\\\/it\\\/#website\",\"url\":\"https:\\\/\\\/optimaretail.eu\\\/it\\\/\",\"name\":\"Optima Retail\",\"description\":\"Manutenzione al dettaglio\",\"publisher\":{\"@id\":\"https:\\\/\\\/optimaretail.eu\\\/it\\\/#organization\"},\"potentialAction\":[{\"@type\":\"SearchAction\",\"target\":{\"@type\":\"EntryPoint\",\"urlTemplate\":\"https:\\\/\\\/optimaretail.eu\\\/it\\\/?s={search_term_string}\"},\"query-input\":{\"@type\":\"PropertyValueSpecification\",\"valueRequired\":true,\"valueName\":\"search_term_string\"}}],\"inLanguage\":\"it-IT\"},{\"@type\":\"Organization\",\"@id\":\"https:\\\/\\\/optimaretail.eu\\\/it\\\/#organization\",\"name\":\"Optima Retail\",\"url\":\"https:\\\/\\\/optimaretail.eu\\\/it\\\/\",\"logo\":{\"@type\":\"ImageObject\",\"inLanguage\":\"it-IT\",\"@id\":\"https:\\\/\\\/optimaretail.eu\\\/it\\\/#\\\/schema\\\/logo\\\/image\\\/\",\"url\":\"https:\\\/\\\/optimaretail.eu\\\/wp-content\\\/uploads\\\/2025\\\/02\\\/kit-por-defecto.svg\",\"contentUrl\":\"https:\\\/\\\/optimaretail.eu\\\/wp-content\\\/uploads\\\/2025\\\/02\\\/kit-por-defecto.svg\",\"width\":499,\"height\":93,\"caption\":\"Optima Retail\"},\"image\":{\"@id\":\"https:\\\/\\\/optimaretail.eu\\\/it\\\/#\\\/schema\\\/logo\\\/image\\\/\"},\"sameAs\":[\"https:\\\/\\\/www.facebook.com\\\/people\\\/Optima-Retail-SL\\\/61578005819425\\\/\"]}]}<\/script>\n<!-- \/ Yoast SEO plugin. -->","yoast_head_json":{"title":"Fondazione Optima Retail | Optima Retail","robots":{"index":"index","follow":"follow","max-snippet":"max-snippet:-1","max-image-preview":"max-image-preview:large","max-video-preview":"max-video-preview:-1"},"canonical":"https:\/\/optimaretail.eu\/it\/rsc\/","og_locale":"it_IT","og_type":"article","og_title":"Fondazione Optima Retail | Optima Retail","og_description":"Share love, joy and kindness Con un focus sul promuovere lo sviluppo integrale e creare un cambiamento positivo, la Fondazione Optima Retail si erge come un punto di speranza per i membri pi\u00f9 giovani della nostra comunit\u00e0. Ci concentriamo nel fornire supporto, risorse e assistenza ai bambini che ne hanno pi\u00f9 bisogno. Il nostro obiettivo [&hellip;]","og_url":"https:\/\/optimaretail.eu\/it\/rsc\/","og_site_name":"Optima Retail","article_publisher":"https:\/\/www.facebook.com\/people\/Optima-Retail-SL\/61578005819425\/","article_modified_time":"2025-03-20T09:40:37+00:00","twitter_card":"summary_large_image","twitter_misc":{"Est. reading time":"1 minute"},"schema":{"@context":"https:\/\/schema.org","@graph":[{"@type":"WebPage","@id":"https:\/\/optimaretail.eu\/it\/rsc\/","url":"https:\/\/optimaretail.eu\/it\/rsc\/","name":"Fondazione Optima Retail | Optima Retail","isPartOf":{"@id":"https:\/\/optimaretail.eu\/it\/#website"},"primaryImageOfPage":{"@id":"https:\/\/optimaretail.eu\/it\/rsc\/#primaryimage"},"image":{"@id":"https:\/\/optimaretail.eu\/it\/rsc\/#primaryimage"},"thumbnailUrl":"https:\/\/optimaretail.eu\/wp-content\/uploads\/2025\/03\/fondazione-optima-retail.svg","datePublished":"2025-02-05T17:09:07+00:00","dateModified":"2025-03-20T09:40:37+00:00","breadcrumb":{"@id":"https:\/\/optimaretail.eu\/it\/rsc\/#breadcrumb"},"inLanguage":"it-IT","potentialAction":[{"@type":"ReadAction","target":["https:\/\/optimaretail.eu\/it\/rsc\/"]}]},{"@type":"ImageObject","inLanguage":"it-IT","@id":"https:\/\/optimaretail.eu\/it\/rsc\/#primaryimage","url":"https:\/\/optimaretail.eu\/wp-content\/uploads\/2025\/03\/fondazione-optima-retail.svg","contentUrl":"https:\/\/optimaretail.eu\/wp-content\/uploads\/2025\/03\/fondazione-optima-retail.svg"},{"@type":"BreadcrumbList","@id":"https:\/\/optimaretail.eu\/it\/rsc\/#breadcrumb","itemListElement":[{"@type":"ListItem","position":1,"name":"Optima Retail","item":"https:\/\/optimaretail.eu\/it\/"},{"@type":"ListItem","position":2,"name":"Fondazione Optima Retail"}]},{"@type":"WebSite","@id":"https:\/\/optimaretail.eu\/it\/#website","url":"https:\/\/optimaretail.eu\/it\/","name":"Optima Retail","description":"Manutenzione al dettaglio","publisher":{"@id":"https:\/\/optimaretail.eu\/it\/#organization"},"potentialAction":[{"@type":"SearchAction","target":{"@type":"EntryPoint","urlTemplate":"https:\/\/optimaretail.eu\/it\/?s={search_term_string}"},"query-input":{"@type":"PropertyValueSpecification","valueRequired":true,"valueName":"search_term_string"}}],"inLanguage":"it-IT"},{"@type":"Organization","@id":"https:\/\/optimaretail.eu\/it\/#organization","name":"Optima Retail","url":"https:\/\/optimaretail.eu\/it\/","logo":{"@type":"ImageObject","inLanguage":"it-IT","@id":"https:\/\/optimaretail.eu\/it\/#\/schema\/logo\/image\/","url":"https:\/\/optimaretail.eu\/wp-content\/uploads\/2025\/02\/kit-por-defecto.svg","contentUrl":"https:\/\/optimaretail.eu\/wp-content\/uploads\/2025\/02\/kit-por-defecto.svg","width":499,"height":93,"caption":"Optima Retail"},"image":{"@id":"https:\/\/optimaretail.eu\/it\/#\/schema\/logo\/image\/"},"sameAs":["https:\/\/www.facebook.com\/people\/Optima-Retail-SL\/61578005819425\/"]}]}},"_links":{"self":[{"href":"https:\/\/optimaretail.eu\/it\/wp-json\/wp\/v2\/pages\/7278","targetHints":{"allow":["GET"]}}],"collection":[{"href":"https:\/\/optimaretail.eu\/it\/wp-json\/wp\/v2\/pages"}],"about":[{"href":"https:\/\/optimaretail.eu\/it\/wp-json\/wp\/v2\/types\/page"}],"author":[{"embeddable":true,"href":"https:\/\/optimaretail.eu\/it\/wp-json\/wp\/v2\/users\/5"}],"replies":[{"embeddable":true,"href":"https:\/\/optimaretail.eu\/it\/wp-json\/wp\/v2\/comments?post=7278"}],"version-history":[{"count":1,"href":"https:\/\/optimaretail.eu\/it\/wp-json\/wp\/v2\/pages\/7278\/revisions"}],"predecessor-version":[{"id":9198,"href":"https:\/\/optimaretail.eu\/it\/wp-json\/wp\/v2\/pages\/7278\/revisions\/9198"}],"wp:attachment":[{"href":"https:\/\/optimaretail.eu\/it\/wp-json\/wp\/v2\/media?parent=7278"}],"curies":[{"name":"wp","href":"https:\/\/api.w.org\/{rel}","templated":true}]}}