{"id":7447,"date":"2025-02-17T20:35:14","date_gmt":"2025-02-17T19:35:14","guid":{"rendered":"https:\/\/optima.yvonnefuertes.com\/termini-e-condizioni\/"},"modified":"2025-03-20T10:39:10","modified_gmt":"2025-03-20T09:39:10","slug":"terminos-y-condiciones","status":"publish","type":"page","link":"https:\/\/optimaretail.eu\/it\/terminos-y-condiciones\/","title":{"rendered":"Termini e condizioni"},"content":{"rendered":"\t\t<div data-elementor-type=\"wp-page\" data-elementor-id=\"7447\" class=\"elementor elementor-7447 elementor-382\" data-elementor-post-type=\"page\">\n\t\t\t\t<div class=\"elementor-element elementor-element-e60bf36 e-flex e-con-boxed e-con e-parent\" data-id=\"e60bf36\" data-element_type=\"container\">\n\t\t\t\t\t<div class=\"e-con-inner\">\n\t\t<div class=\"elementor-element elementor-element-8df198c e-con-full e-flex e-con e-child\" data-id=\"8df198c\" data-element_type=\"container\">\n\t\t<div class=\"elementor-element elementor-element-debc9f6 e-con-full e-flex e-con e-child\" data-id=\"debc9f6\" data-element_type=\"container\" data-settings=\"{&quot;background_background&quot;:&quot;classic&quot;,&quot;sticky&quot;:&quot;top&quot;,&quot;sticky_offset&quot;:85,&quot;sticky_on&quot;:[&quot;desktop&quot;,&quot;tablet&quot;],&quot;sticky_effects_offset&quot;:0,&quot;sticky_anchor_link_offset&quot;:0}\">\n\t\t\t\t<div class=\"elementor-element elementor-element-6d07ba7 elementor-widget elementor-widget-table-of-contents\" data-id=\"6d07ba7\" data-element_type=\"widget\" data-settings=\"{&quot;exclude_headings_by_selector&quot;:[],&quot;marker_view&quot;:&quot;bullets&quot;,&quot;no_headings_message&quot;:&quot;No headings were found on this page.&quot;,&quot;headings_by_tags&quot;:[&quot;h2&quot;,&quot;h3&quot;,&quot;h4&quot;,&quot;h5&quot;,&quot;h6&quot;],&quot;icon&quot;:{&quot;value&quot;:&quot;fas fa-circle&quot;,&quot;library&quot;:&quot;fa-solid&quot;,&quot;rendered_tag&quot;:&quot;&lt;svg class=\\&quot;e-font-icon-svg e-fas-circle\\&quot; viewBox=\\&quot;0 0 512 512\\&quot; xmlns=\\&quot;http:\\\/\\\/www.w3.org\\\/2000\\\/svg\\&quot;&gt;&lt;path d=\\&quot;M256 8C119 8 8 119 8 256s111 248 248 248 248-111 248-248S393 8 256 8z\\&quot;&gt;&lt;\\\/path&gt;&lt;\\\/svg&gt;&quot;},&quot;hierarchical_view&quot;:&quot;yes&quot;,&quot;min_height&quot;:{&quot;unit&quot;:&quot;px&quot;,&quot;size&quot;:&quot;&quot;,&quot;sizes&quot;:[]},&quot;min_height_tablet&quot;:{&quot;unit&quot;:&quot;px&quot;,&quot;size&quot;:&quot;&quot;,&quot;sizes&quot;:[]},&quot;min_height_mobile&quot;:{&quot;unit&quot;:&quot;px&quot;,&quot;size&quot;:&quot;&quot;,&quot;sizes&quot;:[]}}\" data-widget_type=\"table-of-contents.default\">\n\t\t\t\t\t\t\t\t\t<div class=\"elementor-toc__header\">\n\t\t\t\t\t\t<div class=\"elementor-toc__header-title\">\n\t\t\t\tTermini e condizioni\t\t\t<\/div>\n\t\t\t\t\t\t\t\t<\/div>\n\t\t\t\t<div id=\"elementor-toc__6d07ba7\" class=\"elementor-toc__body\">\n\t\t\t<div class=\"elementor-toc__spinner-container\">\n\t\t\t\t<svg class=\"elementor-toc__spinner eicon-animation-spin e-font-icon-svg e-eicon-loading\" aria-hidden=\"true\" viewBox=\"0 0 1000 1000\" xmlns=\"http:\/\/www.w3.org\/2000\/svg\"><path d=\"M500 975V858C696 858 858 696 858 500S696 142 500 142 142 304 142 500H25C25 237 238 25 500 25S975 237 975 500 763 975 500 975Z\"><\/path><\/svg>\t\t\t<\/div>\n\t\t<\/div>\n\t\t\t\t\t\t<\/div>\n\t\t\t\t<\/div>\n\t\t\t\t<\/div>\n\t\t<div class=\"elementor-element elementor-element-ca95eaf e-con-full e-flex e-con e-child\" data-id=\"ca95eaf\" data-element_type=\"container\">\n\t\t\t\t<div class=\"elementor-element elementor-element-2a6b211 elementor-widget elementor-widget-heading\" data-id=\"2a6b211\" data-element_type=\"widget\" data-widget_type=\"heading.default\">\n\t\t\t\t\t<h1 class=\"elementor-heading-title elementor-size-default\">Termini e condizioni<\/h1>\t\t\t\t<\/div>\n\t\t\t\t<div class=\"elementor-element elementor-element-946a0ce elementor-widget elementor-widget-heading\" data-id=\"946a0ce\" data-element_type=\"widget\" data-widget_type=\"heading.default\">\n\t\t\t\t\t<h4 class=\"elementor-heading-title elementor-size-default\">INFORMAZIONI IMPORTANTI<\/h4>\t\t\t\t<\/div>\n\t\t\t\t<div class=\"elementor-element elementor-element-79d8138 elementor-widget elementor-widget-text-editor\" data-id=\"79d8138\" data-element_type=\"widget\" data-widget_type=\"text-editor.default\">\n\t\t\t\t\t\t\t\t\t<p>\u00c8 un requisito necessario per l&#8217;acquisto dei prodotti offerti su questo sito che tu legga e accetti i seguenti Termini e Condizioni qui di seguito riportati. L&#8217;uso dei nostri servizi cos\u00ec come l&#8217;acquisto dei nostri prodotti implica che tu abbia letto e accettato i Termini e Condizioni d&#8217;Uso in questo documento. Tutti i prodotti offerti tramite il nostro sito web possono essere creati, addebitati, spediti o presentati da un sito web di terze parti e, in tal caso, saranno soggetti ai loro propri Termini e Condizioni. In alcuni casi, per acquistare un prodotto, potrebbe essere necessaria la registrazione dell&#8217;utente, con l&#8217;inserimento di dati personali veritieri e la definizione di una password.   <\/p><p>L&#8217;utente pu\u00f2 scegliere e cambiare la password per l&#8217;accesso all&#8217;amministrazione del proprio account in qualsiasi momento, nel caso in cui si sia registrato e che sia necessario per l&#8217;acquisto di uno dei nostri prodotti. <a href=\"https:\/\/www.optimaretail.eu\/it\" target=\"_blank\" rel=\"noopener\" data-auto-recognition=\"true\">https:\/\/www.optimaretail.eu\/<\/a> non si assume alcuna responsabilit\u00e0 nel caso in cui l&#8217;utente condivida questa password con terzi.<\/p><p>Tutti gli acquisti e le transazioni effettuati tramite questo sito web sono soggetti a un processo di conferma e verifica, che pu\u00f2 includere la verifica della disponibilit\u00e0 di magazzino e del prodotto, la validazione del metodo di pagamento, la validazione della fattura (se applicabile) e il rispetto delle condizioni richieste dal metodo di pagamento selezionato. In alcuni casi, potrebbe essere richiesta una verifica tramite email. <\/p><p>I prezzi dei prodotti offerti in questo Negozio Online sono validi solo per gli acquisti effettuati su questo sito web.<\/p>\t\t\t\t\t\t\t\t<\/div>\n\t\t\t\t<div class=\"elementor-element elementor-element-284f558 elementor-widget elementor-widget-heading\" data-id=\"284f558\" data-element_type=\"widget\" data-widget_type=\"heading.default\">\n\t\t\t\t\t<h4 class=\"elementor-heading-title elementor-size-default\">LICENZA<\/h4>\t\t\t\t<\/div>\n\t\t\t\t<div class=\"elementor-element elementor-element-6f2be87 elementor-widget elementor-widget-text-editor\" data-id=\"6f2be87\" data-element_type=\"widget\" data-widget_type=\"text-editor.default\">\n\t\t\t\t\t\t\t\t\t<p>Optima Retail, tramite il suo sito web, concede una licenza agli utenti per utilizzare i prodotti venduti su questo sito web in conformit\u00e0 con i Termini e Condizioni descritti in questo documento.<\/p><p><strong>USO NON AUTORIZZATO<\/strong><\/p><p>Se applicabile (per la vendita di software, modelli, o altri prodotti di design e programmazione), non puoi posizionare uno dei nostri prodotti, modificato o non modificato, su un CD, sito web o qualsiasi altro supporto e offrirli per la redistribuzione o la rivendita di qualsiasi tipo.<\/p>\t\t\t\t\t\t\t\t<\/div>\n\t\t\t\t<div class=\"elementor-element elementor-element-46bf4e0 elementor-widget elementor-widget-heading\" data-id=\"46bf4e0\" data-element_type=\"widget\" data-widget_type=\"heading.default\">\n\t\t\t\t\t<h4 class=\"elementor-heading-title elementor-size-default\">PROPRIET\u00c0<\/h4>\t\t\t\t<\/div>\n\t\t\t\t<div class=\"elementor-element elementor-element-4e2464c elementor-widget elementor-widget-text-editor\" data-id=\"4e2464c\" data-element_type=\"widget\" data-widget_type=\"text-editor.default\">\n\t\t\t\t\t\t\t\t\t<p>Non puoi dichiarare la propriet\u00e0 intellettuale o esclusiva di nessuno dei nostri prodotti, modificati o non modificati. Tutti i prodotti sono di propriet\u00e0 dei fornitori di contenuti. Se non diversamente specificato, i nostri prodotti sono forniti senza alcun tipo di garanzia, espressa o implicita. In nessun caso questa azienda sar\u00e0 responsabile di eventuali danni, inclusi, ma non limitati a, danni diretti, indiretti, speciali, accidentali o consequenziali, o qualsiasi altra perdita derivante dall&#8217;uso o dall&#8217;impossibilit\u00e0 di utilizzare i nostri prodotti.   <\/p>\t\t\t\t\t\t\t\t<\/div>\n\t\t\t\t<div class=\"elementor-element elementor-element-4f76c08 elementor-widget elementor-widget-heading\" data-id=\"4f76c08\" data-element_type=\"widget\" data-widget_type=\"heading.default\">\n\t\t\t\t\t<h4 class=\"elementor-heading-title elementor-size-default\">POLITICA DI RIMBORSO E GARANZIA\n\n<\/h4>\t\t\t\t<\/div>\n\t\t\t\t<div class=\"elementor-element elementor-element-09a77a1 elementor-widget elementor-widget-text-editor\" data-id=\"09a77a1\" data-element_type=\"widget\" data-widget_type=\"text-editor.default\">\n\t\t\t\t\t\t\t\t\t<p>Per i prodotti che sono beni immateriali irrevocabili, non effettuiamo rimborsi dopo che il prodotto \u00e8 stato inviato; \u00e8 tua responsabilit\u00e0 comprendere ci\u00f2 prima di acquistarlo. Ti chiediamo di leggere attentamente prima di effettuare un acquisto. Facciamo eccezioni a questa regola solo quando la descrizione non corrisponde al prodotto. Alcuni prodotti potrebbero avere una garanzia e la possibilit\u00e0 di un rimborso, ma ci\u00f2 sar\u00e0 specificato al momento dell&#8217;acquisto del prodotto. In tali casi, la garanzia coprir\u00e0 solo i difetti di fabbrica e sar\u00e0 valida solo se il prodotto \u00e8 stato utilizzato correttamente. La garanzia non copre malfunzionamenti o danni causati da un uso improprio. I termini della garanzia sono associati a difetti di fabbricazione e funzionamento in condizioni normali dei prodotti e saranno validi solo se l&#8217;attrezzatura \u00e8 stata utilizzata correttamente.      <\/p><p>Questo include:<\/p><ul><li>In accordo con le specifiche tecniche indicate per ciascun prodotto.<\/li><li>In condizioni ambientali conformi alle specifiche indicate dal produttore.<\/li><li>Per l&#8217;uso specifico per cui \u00e8 stato progettato in fabbrica.<\/li><li>In condizioni operative elettriche conformi alle specifiche e tolleranze indicate.<\/li><\/ul>\t\t\t\t\t\t\t\t<\/div>\n\t\t\t\t<div class=\"elementor-element elementor-element-f44bfb6 elementor-widget elementor-widget-heading\" data-id=\"f44bfb6\" data-element_type=\"widget\" data-widget_type=\"heading.default\">\n\t\t\t\t\t<h4 class=\"elementor-heading-title elementor-size-default\">VERIFICA ANTI-FRODE\n\n<\/h4>\t\t\t\t<\/div>\n\t\t\t\t<div class=\"elementor-element elementor-element-5f12534 elementor-widget elementor-widget-text-editor\" data-id=\"5f12534\" data-element_type=\"widget\" data-widget_type=\"text-editor.default\">\n\t\t\t\t\t\t\t\t\t<p class=\"font_7 wixui-rich-text__text\">L&#8217;acquisto del cliente pu\u00f2 essere posticipato per la verifica anti-frode. Pu\u00f2 anche essere sospeso per un periodo di tempo pi\u00f9 lungo per un&#8217;indagine pi\u00f9 approfondita, per evitare transazioni fraudolente. <\/p>\t\t\t\t\t\t\t\t<\/div>\n\t\t\t\t<div class=\"elementor-element elementor-element-19701f6 elementor-widget elementor-widget-heading\" data-id=\"19701f6\" data-element_type=\"widget\" data-widget_type=\"heading.default\">\n\t\t\t\t\t<h4 class=\"elementor-heading-title elementor-size-default\">PRIVACY\u200b\n\n<\/h4>\t\t\t\t<\/div>\n\t\t\t\t<div class=\"elementor-element elementor-element-e110674 elementor-widget elementor-widget-text-editor\" data-id=\"e110674\" data-element_type=\"widget\" data-widget_type=\"text-editor.default\">\n\t\t\t\t\t\t\t\t\t<p><a href=\"https:\/\/www.optimaretail.eu\/it\" target=\"_blank\" rel=\"noopener\" data-auto-recognition=\"true\">https:\/\/www.optimaretail.eu\/<\/a> garantisce la sicurezza delle informazioni personali fornite. I dati inseriti dall&#8217;utente o nel caso in cui sia richiesta la convalida dell&#8217;ordine non saranno comunicati a terzi, a meno che la loro comunicazione non sia obbligatoria in ottemperanza ad un ordine del tribunale o ad obblighi di legge. <\/p><p>L&#8217;iscrizione alle newsletter promozionali via email \u00e8 volontaria e pu\u00f2 essere selezionata al momento della creazione del tuo account.<\/p><p>Optima Retail si riserva il diritto di modificare questi termini senza preavviso.<\/p>\t\t\t\t\t\t\t\t<\/div>\n\t\t\t\t<div class=\"elementor-element elementor-element-900daad elementor-widget elementor-widget-text-editor\" data-id=\"900daad\" data-element_type=\"widget\" data-widget_type=\"text-editor.default\">\n\t\t\t\t\t\t\t\t\t<p>A Barcelona, 09\/08\/2023.<\/p>\t\t\t\t\t\t\t\t<\/div>\n\t\t\t\t<\/div>\n\t\t\t\t\t<\/div>\n\t\t\t\t<\/div>\n\t\t\t\t<\/div>\n\t\t","protected":false},"excerpt":{"rendered":"<p>INFORMAZIONI IMPORTANTI \u00c8 un requisito necessario per l&#8217;acquisto dei prodotti offerti su questo sito che tu legga e accetti i seguenti Termini e Condizioni qui di seguito riportati. L&#8217;uso dei nostri servizi cos\u00ec come l&#8217;acquisto dei nostri prodotti implica che tu abbia letto e accettato i Termini e Condizioni d&#8217;Uso in questo documento. Tutti i [&hellip;]<\/p>\n","protected":false},"author":5,"featured_media":0,"parent":0,"menu_order":0,"comment_status":"closed","ping_status":"closed","template":"","meta":{"_acf_changed":false,"rop_custom_images_group":[],"rop_custom_messages_group":[],"rop_publish_now":"initial","rop_publish_now_accounts":{"facebook_122097394580933375_751730124684203":""},"rop_publish_now_history":[],"rop_publish_now_status":"pending","footnotes":""},"class_list":["post-7447","page","type-page","status-publish","hentry"],"acf":[],"yoast_head":"<!-- This site is optimized with the Yoast SEO plugin v27.3 - https:\/\/yoast.com\/product\/yoast-seo-wordpress\/ -->\n<title>Termini e condizioni | Optima Retail<\/title>\n<meta name=\"robots\" content=\"noindex, follow\" \/>\n<meta property=\"og:locale\" content=\"it_IT\" \/>\n<meta property=\"og:type\" content=\"article\" \/>\n<meta property=\"og:title\" content=\"Termini e condizioni | Optima Retail\" \/>\n<meta property=\"og:description\" content=\"INFORMAZIONI IMPORTANTI \u00c8 un requisito necessario per l&#8217;acquisto dei prodotti offerti su questo sito che tu legga e accetti i seguenti Termini e Condizioni qui di seguito riportati. L&#8217;uso dei nostri servizi cos\u00ec come l&#8217;acquisto dei nostri prodotti implica che tu abbia letto e accettato i Termini e Condizioni d&#8217;Uso in questo documento. Tutti i [&hellip;]\" \/>\n<meta property=\"og:url\" content=\"https:\/\/optimaretail.eu\/terminos-y-condiciones\/\" \/>\n<meta property=\"og:site_name\" content=\"Optima Retail\" \/>\n<meta property=\"article:publisher\" content=\"https:\/\/www.facebook.com\/people\/Optima-Retail-SL\/61578005819425\/\" \/>\n<meta property=\"article:modified_time\" content=\"2025-03-20T09:39:10+00:00\" \/>\n<meta name=\"twitter:card\" content=\"summary_large_image\" \/>\n<meta name=\"twitter:label1\" content=\"Est. reading time\" \/>\n\t<meta name=\"twitter:data1\" content=\"3 minutes\" \/>\n<script type=\"application\/ld+json\" class=\"yoast-schema-graph\">{\"@context\":\"https:\\\/\\\/schema.org\",\"@graph\":[{\"@type\":\"WebPage\",\"@id\":\"https:\\\/\\\/optimaretail.eu\\\/terminos-y-condiciones\\\/\",\"url\":\"https:\\\/\\\/optimaretail.eu\\\/terminos-y-condiciones\\\/\",\"name\":\"Termini e condizioni | Optima Retail\",\"isPartOf\":{\"@id\":\"https:\\\/\\\/optimaretail.eu\\\/#website\"},\"datePublished\":\"2025-02-17T19:35:14+00:00\",\"dateModified\":\"2025-03-20T09:39:10+00:00\",\"breadcrumb\":{\"@id\":\"https:\\\/\\\/optimaretail.eu\\\/terminos-y-condiciones\\\/#breadcrumb\"},\"inLanguage\":\"it-IT\",\"potentialAction\":[{\"@type\":\"ReadAction\",\"target\":[\"https:\\\/\\\/optimaretail.eu\\\/terminos-y-condiciones\\\/\"]}]},{\"@type\":\"BreadcrumbList\",\"@id\":\"https:\\\/\\\/optimaretail.eu\\\/terminos-y-condiciones\\\/#breadcrumb\",\"itemListElement\":[{\"@type\":\"ListItem\",\"position\":1,\"name\":\"Optima Retail\",\"item\":\"https:\\\/\\\/optimaretail.eu\\\/\"},{\"@type\":\"ListItem\",\"position\":2,\"name\":\"Termini e condizioni\"}]},{\"@type\":\"WebSite\",\"@id\":\"https:\\\/\\\/optimaretail.eu\\\/#website\",\"url\":\"https:\\\/\\\/optimaretail.eu\\\/\",\"name\":\"Optima Retail\",\"description\":\"Manutenzione al dettaglio\",\"publisher\":{\"@id\":\"https:\\\/\\\/optimaretail.eu\\\/#organization\"},\"potentialAction\":[{\"@type\":\"SearchAction\",\"target\":{\"@type\":\"EntryPoint\",\"urlTemplate\":\"https:\\\/\\\/optimaretail.eu\\\/?s={search_term_string}\"},\"query-input\":{\"@type\":\"PropertyValueSpecification\",\"valueRequired\":true,\"valueName\":\"search_term_string\"}}],\"inLanguage\":\"it-IT\"},{\"@type\":\"Organization\",\"@id\":\"https:\\\/\\\/optimaretail.eu\\\/#organization\",\"name\":\"Optima Retail\",\"url\":\"https:\\\/\\\/optimaretail.eu\\\/\",\"logo\":{\"@type\":\"ImageObject\",\"inLanguage\":\"it-IT\",\"@id\":\"https:\\\/\\\/optimaretail.eu\\\/#\\\/schema\\\/logo\\\/image\\\/\",\"url\":\"https:\\\/\\\/optimaretail.eu\\\/wp-content\\\/uploads\\\/2025\\\/02\\\/kit-por-defecto.svg\",\"contentUrl\":\"https:\\\/\\\/optimaretail.eu\\\/wp-content\\\/uploads\\\/2025\\\/02\\\/kit-por-defecto.svg\",\"width\":499,\"height\":93,\"caption\":\"Optima Retail\"},\"image\":{\"@id\":\"https:\\\/\\\/optimaretail.eu\\\/#\\\/schema\\\/logo\\\/image\\\/\"},\"sameAs\":[\"https:\\\/\\\/www.facebook.com\\\/people\\\/Optima-Retail-SL\\\/61578005819425\\\/\"]}]}<\/script>\n<!-- \/ Yoast SEO plugin. -->","yoast_head_json":{"title":"Termini e condizioni | Optima Retail","robots":{"index":"noindex","follow":"follow"},"og_locale":"it_IT","og_type":"article","og_title":"Termini e condizioni | Optima Retail","og_description":"INFORMAZIONI IMPORTANTI \u00c8 un requisito necessario per l&#8217;acquisto dei prodotti offerti su questo sito che tu legga e accetti i seguenti Termini e Condizioni qui di seguito riportati. L&#8217;uso dei nostri servizi cos\u00ec come l&#8217;acquisto dei nostri prodotti implica che tu abbia letto e accettato i Termini e Condizioni d&#8217;Uso in questo documento. Tutti i [&hellip;]","og_url":"https:\/\/optimaretail.eu\/terminos-y-condiciones\/","og_site_name":"Optima Retail","article_publisher":"https:\/\/www.facebook.com\/people\/Optima-Retail-SL\/61578005819425\/","article_modified_time":"2025-03-20T09:39:10+00:00","twitter_card":"summary_large_image","twitter_misc":{"Est. reading time":"3 minutes"},"schema":{"@context":"https:\/\/schema.org","@graph":[{"@type":"WebPage","@id":"https:\/\/optimaretail.eu\/terminos-y-condiciones\/","url":"https:\/\/optimaretail.eu\/terminos-y-condiciones\/","name":"Termini e condizioni | Optima Retail","isPartOf":{"@id":"https:\/\/optimaretail.eu\/#website"},"datePublished":"2025-02-17T19:35:14+00:00","dateModified":"2025-03-20T09:39:10+00:00","breadcrumb":{"@id":"https:\/\/optimaretail.eu\/terminos-y-condiciones\/#breadcrumb"},"inLanguage":"it-IT","potentialAction":[{"@type":"ReadAction","target":["https:\/\/optimaretail.eu\/terminos-y-condiciones\/"]}]},{"@type":"BreadcrumbList","@id":"https:\/\/optimaretail.eu\/terminos-y-condiciones\/#breadcrumb","itemListElement":[{"@type":"ListItem","position":1,"name":"Optima Retail","item":"https:\/\/optimaretail.eu\/"},{"@type":"ListItem","position":2,"name":"Termini e condizioni"}]},{"@type":"WebSite","@id":"https:\/\/optimaretail.eu\/#website","url":"https:\/\/optimaretail.eu\/","name":"Optima Retail","description":"Manutenzione al dettaglio","publisher":{"@id":"https:\/\/optimaretail.eu\/#organization"},"potentialAction":[{"@type":"SearchAction","target":{"@type":"EntryPoint","urlTemplate":"https:\/\/optimaretail.eu\/?s={search_term_string}"},"query-input":{"@type":"PropertyValueSpecification","valueRequired":true,"valueName":"search_term_string"}}],"inLanguage":"it-IT"},{"@type":"Organization","@id":"https:\/\/optimaretail.eu\/#organization","name":"Optima Retail","url":"https:\/\/optimaretail.eu\/","logo":{"@type":"ImageObject","inLanguage":"it-IT","@id":"https:\/\/optimaretail.eu\/#\/schema\/logo\/image\/","url":"https:\/\/optimaretail.eu\/wp-content\/uploads\/2025\/02\/kit-por-defecto.svg","contentUrl":"https:\/\/optimaretail.eu\/wp-content\/uploads\/2025\/02\/kit-por-defecto.svg","width":499,"height":93,"caption":"Optima Retail"},"image":{"@id":"https:\/\/optimaretail.eu\/#\/schema\/logo\/image\/"},"sameAs":["https:\/\/www.facebook.com\/people\/Optima-Retail-SL\/61578005819425\/"]}]}},"_links":{"self":[{"href":"https:\/\/optimaretail.eu\/it\/wp-json\/wp\/v2\/pages\/7447","targetHints":{"allow":["GET"]}}],"collection":[{"href":"https:\/\/optimaretail.eu\/it\/wp-json\/wp\/v2\/pages"}],"about":[{"href":"https:\/\/optimaretail.eu\/it\/wp-json\/wp\/v2\/types\/page"}],"author":[{"embeddable":true,"href":"https:\/\/optimaretail.eu\/it\/wp-json\/wp\/v2\/users\/5"}],"replies":[{"embeddable":true,"href":"https:\/\/optimaretail.eu\/it\/wp-json\/wp\/v2\/comments?post=7447"}],"version-history":[{"count":1,"href":"https:\/\/optimaretail.eu\/it\/wp-json\/wp\/v2\/pages\/7447\/revisions"}],"predecessor-version":[{"id":9191,"href":"https:\/\/optimaretail.eu\/it\/wp-json\/wp\/v2\/pages\/7447\/revisions\/9191"}],"wp:attachment":[{"href":"https:\/\/optimaretail.eu\/it\/wp-json\/wp\/v2\/media?parent=7447"}],"curies":[{"name":"wp","href":"https:\/\/api.w.org\/{rel}","templated":true}]}}